{"id":27229,"date":"2024-03-07T22:34:23","date_gmt":"2024-03-07T21:34:29","guid":{"rendered":"https:\/\/www.justicepaix.be\/?page_id=27229"},"modified":"2024-08-26T16:52:07","modified_gmt":"2024-08-26T14:52:07","slug":"agenda","status":"publish","type":"page","link":"https:\/\/www.justicepaix.be\/en\/agenda\/","title":{"rendered":"Diary"},"content":{"rendered":"<div data-elementor-type=\"wp-page\" data-elementor-id=\"27229\" class=\"elementor elementor-27229\" data-elementor-post-type=\"page\">\n\t\t\t\t<div data-dce-background-color=\"#025683\" data-dce-background-overlay-color=\"#000000\" data-dce-background-image-url=\"https:\/\/www.justicepaix.be\/wp-content\/uploads\/2024\/03\/Votre-texte-de-paragraphe-1-jpg.webp\" class=\"elementor-element elementor-element-c108676 e-flex e-con-boxed e-con e-parent\" data-id=\"c108676\" data-element_type=\"container\" data-e-type=\"container\" data-settings=\"{&quot;background_background&quot;:&quot;classic&quot;,&quot;shape_divider_bottom&quot;:&quot;opacity-tilt&quot;}\">\n\t\t\t\t\t<div class=\"e-con-inner\">\n\t\t\t\t<div class=\"elementor-shape elementor-shape-bottom\" aria-hidden=\"true\" data-negative=\"false\">\n\t\t\t<svg xmlns=\"http:\/\/www.w3.org\/2000\/svg\" viewbox=\"0 0 2600 131.1\" preserveaspectratio=\"none\">\n\t<path class=\"elementor-shape-fill\" d=\"M0 0L2600 0 2600 69.1 0 0z\"\/>\n\t<path class=\"elementor-shape-fill\" style=\"opacity:0.5\" d=\"M0 0L2600 0 2600 69.1 0 69.1z\"\/>\n\t<path class=\"elementor-shape-fill\" style=\"opacity:0.25\" d=\"M2600 0L0 0 0 130.1 2600 69.1z\"\/>\n<\/svg>\t\t<\/div>\n\t\t<div class=\"elementor-element elementor-element-aba8b0c e-con-full e-flex e-con e-child\" data-id=\"aba8b0c\" data-element_type=\"container\" data-e-type=\"container\">\n\t\t\t\t<div class=\"elementor-element elementor-element-2748f7f elementor-widget elementor-widget-heading\" data-id=\"2748f7f\" data-element_type=\"widget\" data-e-type=\"widget\" data-widget_type=\"heading.default\">\n\t\t\t\t<div class=\"elementor-widget-container\">\n\t\t\t\t\t<h2 class=\"elementor-heading-title elementor-size-xl\">Diary<\/h2>\t\t\t\t<\/div>\n\t\t\t\t<\/div>\n\t\t\t\t<\/div>\n\t\t\t\t\t<\/div>\n\t\t\t\t<\/div>\n\t\t<div class=\"elementor-element elementor-element-b2266a9 e-flex e-con-boxed e-con e-parent\" data-id=\"b2266a9\" data-element_type=\"container\" data-e-type=\"container\">\n\t\t\t\t\t<div class=\"e-con-inner\">\n\t\t<div class=\"elementor-element elementor-element-98011a5 e-con-full e-flex e-con e-child\" data-id=\"98011a5\" data-element_type=\"container\" data-e-type=\"container\">\n\t\t\t\t<div class=\"elementor-element elementor-element-f88a0ba elementor-widget elementor-widget-ucaddon_ue_buttons_post_filter\" data-id=\"f88a0ba\" data-element_type=\"widget\" data-e-type=\"widget\" data-widget_type=\"ucaddon_ue_buttons_post_filter.default\">\n\t\t\t\t<div class=\"elementor-widget-container\">\n\t\t\t\t\t\n<!-- start Tabs Filter -->\n\t\t<link id='font-awesome-css' href='https:\/\/www.justicepaix.be\/wp-content\/plugins\/unlimited-elements-for-elementor-premium\/assets_libraries\/font-awesome6\/fontawesome-all.min.css' type='text\/css' rel='stylesheet' >\n\t\t<link id='font-awesome-4-shim-css' href='https:\/\/www.justicepaix.be\/wp-content\/plugins\/unlimited-elements-for-elementor-premium\/assets_libraries\/font-awesome6\/fontawesome-v4-shims.min.css' type='text\/css' rel='stylesheet' >\n\n<style>\/* widget: Tabs Filter *\/\n\n#uc_ue_buttons_post_filter_elementor_f88a0ba.uc-filter-initing{\n    opacity:0.8;\n    cursor:default;\n}\n\n#uc_ue_buttons_post_filter_elementor_f88a0ba .ue-debug-meta\n{\n  font-size:10px;\n  border:1px solid red;\n  padding:10px;\n}\n\n#uc_ue_buttons_post_filter_elementor_f88a0ba .ue_taxonomy_image img\n{\n  display:block;\n}\n\n#uc_ue_buttons_post_filter_elementor_f88a0ba.ue_taxonomy\n{\n  flex-wrap: wrap;\n}\n\n#uc_ue_buttons_post_filter_elementor_f88a0ba a.ue_taxonomy_item\n{\n  display:block;\n}\n\n\n\n#uc_ue_buttons_post_filter_elementor_f88a0ba .uc-item-hidden{\n\tdisplay:none !important;\n}\n\n\n#uc_ue_buttons_post_filter_elementor_f88a0ba.uc-filter-initing a{\n   cursor:default;\n   background-color:lightgray !important;\n}\n\n#uc_ue_buttons_post_filter_elementor_f88a0ba.uc-filter-initing .ue_taxonomy_item_content{\n\tvisibility:hidden;\n}\n\n\n\n\n#uc_ue_buttons_post_filter_elementor_f88a0ba.uc-filter-hidden,\n#uc_ue_buttons_post_filter_elementor_f88a0ba.uc-filter-initing.uc-initing-filter-hidden{\n  display:none !important;\n}\n\n\n#uc_ue_buttons_post_filter_elementor_f88a0ba .ue_taxonomy_item_content\n{\n  display:flex;\n  align-items:center;\n}\n\n#uc_ue_buttons_post_filter_elementor_f88a0ba .ue_taxonomy_item_icon\n{\n  flex-grow:0;\n  flex-shrink:0;\n}\n\n#uc_ue_buttons_post_filter_elementor_f88a0ba .ue_taxonomy_item_icon_spacer\n{\n  flex-grow:0;\n  flex-shrink:0;\n}\n\n#uc_ue_buttons_post_filter_elementor_f88a0ba .ue_taxonomy_item_num_posts\n{\n  flex-grow:0;\n  flex-shrink:0;\n}\n\n#uc_ue_buttons_post_filter_elementor_f88a0ba .ue_taxonomy_item_title\n{\n  flex-grow:1;\n}\n\n\n#uc_ue_buttons_post_filter_elementor_f88a0ba .ue_taxonomy_item_num_posts_spacer\n{\n  flex-grow:0;\n  flex-shrink:0;\n}\n\n#uc_ue_buttons_post_filter_elementor_f88a0ba .uc-hide-loading-item{\n\tdisplay:none !important;\n}\n\n\n#uc_ue_buttons_post_filter_elementor_f88a0ba-toggle\n{\n  display:none;\n}\n\n#uc_ue_buttons_post_filter_elementor_f88a0ba-toggle .#uc_ue_buttons_post_filter_elementor_f88a0ba-toggle\n{\n  display:none;\n}\n\n#uc_ue_buttons_post_filter_elementor_f88a0ba-toggle .ue_taxonomy_toggle_icon\n{\n  display:inline-flex;\n  align-items:center;\n  justify-content:center;\n  line-height:1em;\n  cursor:pointer;\n}\n\n#uc_ue_buttons_post_filter_elementor_f88a0ba-toggle .ue_taxonomy_toggle_icon svg\n{\n  height:1em;\n  width:1em;\n}\n\n\n#uc_ue_buttons_post_filter_elementor_f88a0ba-toggle .ue_taxonomy_toggle_icon_close\n{\n  display:none;\n}\n\n  #uc_ue_buttons_post_filter_elementor_f88a0ba .uc-item-all .ue_taxonomy_item_num_posts_spacer,\n  #uc_ue_buttons_post_filter_elementor_f88a0ba .uc-item-all .ue_taxonomy_item_num_posts{\n\t \tdisplay:none !important;\n  }\n\n\n\n\n<\/style>\n\n\n<div class=\"ue_taxonomy_toggle\" id=\"uc_ue_buttons_post_filter_elementor_f88a0ba-toggle\">\n  <div class=\"ue_taxonomy_toggle_icon\">\n    <div class=\"ue_taxonomy_toggle_icon_open\"><i class='fas fa-bars'><\/i><\/div>\n    <div class=\"ue_taxonomy_toggle_icon_close\"><i class='fas fa-times'><\/i><\/div>\n  <\/div>\n<\/div>\n\n\n<div id=\"uc_ue_buttons_post_filter_elementor_f88a0ba-container\">\n  \n<div id=\"uc_ue_buttons_post_filter_elementor_f88a0ba\" class=\"ue_taxonomy  uc-grid-filter uc-filter-initing\" data-isfilter=\"\" data-filtertype=\"terms_list\"  data-initafter=\"true\" style=\"\">\n    \n    \n  \n      \n        \n  \t<a href=\"javascript:void(0)\" class=\"ue_taxonomy_item  uc-item-all uc-selected  uc-filter-item-hidden\"     >\n          \n          \n   \n      \n    <div class=\"ue_taxonomy_item_content\">\n            <span  class=\"ue_taxonomy_item_title\">All<\/span>\n          <\/div>\n      \n            \n      \n            \n  <\/a>\n  \n  \n  \n  \n  \n  \n      \n        \n  \t<a href=\"javascript:void(0)\" class=\"ue_taxonomy_item   uc-filter-item-hidden\"  data-id=\"3170\" data-type=\"term\" data-slug=\"animation\" data-taxonomy=\"type-devenement\" data-title=\"Animation\" data-key=\"term|type-devenement|animation\"     >\n          \n          \n   \n      \n    <div class=\"ue_taxonomy_item_content\">\n            <span  class=\"ue_taxonomy_item_title\">Animation<\/span>\n          <\/div>\n      \n            \n      \n            \n  <\/a>\n  \n  \n  \n  \n  \n  \n      \n        \n  \t<a href=\"javascript:void(0)\" class=\"ue_taxonomy_item   uc-filter-item-hidden\"  data-id=\"3179\" data-type=\"term\" data-slug=\"cine-debat\" data-taxonomy=\"type-devenement\" data-title=\"Cin\u00e9-d\u00e9bat\" data-key=\"term|type-devenement|cine-debat\"     >\n          \n          \n   \n      \n    <div class=\"ue_taxonomy_item_content\">\n            <span  class=\"ue_taxonomy_item_title\">Cin\u00e9-d\u00e9bat<\/span>\n          <\/div>\n      \n            \n      \n            \n  <\/a>\n  \n  \n  \n  \n  \n  \n      \n        \n  \t<a href=\"javascript:void(0)\" class=\"ue_taxonomy_item   uc-filter-item-hidden\"  data-id=\"3151\" data-type=\"term\" data-slug=\"conference\" data-taxonomy=\"type-devenement\" data-title=\"Conf\u00e9rence\" data-key=\"term|type-devenement|conference\"     >\n          \n          \n   \n      \n    <div class=\"ue_taxonomy_item_content\">\n            <span  class=\"ue_taxonomy_item_title\">Conf\u00e9rence<\/span>\n          <\/div>\n      \n            \n      \n            \n  <\/a>\n  \n  \n  \n  \n  \n  \n      \n        \n  \t<a href=\"javascript:void(0)\" class=\"ue_taxonomy_item   uc-filter-item-hidden\"  data-id=\"3152\" data-type=\"term\" data-slug=\"formation\" data-taxonomy=\"type-devenement\" data-title=\"Formation\" data-key=\"term|type-devenement|formation\"     >\n          \n          \n   \n      \n    <div class=\"ue_taxonomy_item_content\">\n            <span  class=\"ue_taxonomy_item_title\">Training<\/span>\n          <\/div>\n      \n            \n      \n            \n  <\/a>\n  \n  \n  \n  \n  \n  \n      \n        \n  \t<a href=\"javascript:void(0)\" class=\"ue_taxonomy_item   uc-filter-item-hidden\"  data-id=\"3172\" data-type=\"term\" data-slug=\"volontariat\" data-taxonomy=\"type-devenement\" data-title=\"Volontariat\" data-key=\"term|type-devenement|volontariat\"     >\n          \n          \n   \n      \n    <div class=\"ue_taxonomy_item_content\">\n            <span  class=\"ue_taxonomy_item_title\">Volunteering<\/span>\n          <\/div>\n      \n            \n      \n            \n  <\/a>\n  \n  \n  \n  \n  \n    \n<\/div>\n\n  \n<\/div>\n\n<!-- end Tabs Filter -->\t\t\t\t<\/div>\n\t\t\t\t<\/div>\n\t\t\t\t<div data-dce-text-color=\"#636363\" data-dce-title-color=\"#000000\" class=\"elementor-element elementor-element-1928354 elementor-widget elementor-widget-ucaddon_post_grid\" data-id=\"1928354\" data-element_type=\"widget\" data-e-type=\"widget\" data-widget_type=\"ucaddon_post_grid.default\">\n\t\t\t\t<div class=\"elementor-widget-container\">\n\t\t\t\t\t\n<!-- start Post Grid -->\n\n<style>\/* widget: Post Grid *\/\n\n\n\n#uc_post_grid_elementor_1928354.uc_post_grid_style_one .uc_post_grid_style_one_wrap {\n   display:grid;\n}\n\n\n#uc_post_grid_elementor_1928354 .uc_post_grid_style_one_item\n{\n  position:relative;\n}\n\n#uc_post_grid_elementor_1928354 .uc_post_image\n{\n  transition:0.3s;\n  position:relative;\n  overflow:hidden;\n}\n\n#uc_post_grid_elementor_1928354 .uc_post_image img\n{\n  width:100%;\n  display:block;\n  transition:0.3s;\n}\n\n\n\t\n\n\n\n\n\n\n#uc_post_grid_elementor_1928354 .uc_post_image_overlay\n{\n  position:absolute;\n  top:0px;\n  left:0px;\n  height:100%;\n  width:100%;\n  transition:0.3s;\n}\n\n#uc_post_grid_elementor_1928354 .uc_more_btn-custom-field\n{\n  display:inline-block;\n  text-align:center;\n  text-decoration:none;\n  transition:0.3s;\n}\n\n#uc_post_grid_elementor_1928354 .uc_more_btn\n{\n  display:inline-block;\n  text-align:center;\n  text-decoration:none;\n  transition:0.3s;\n}\n\n.ue-grid-item-category a\n{\n  display:inline-block;\n  font-size:10px;\n  position: relative;\n  z-index: 1;\n}\n.uc_post_title\n{\n  font-size:21px;\n}\n\n\n\n\n\n\n\n\n\n\n\n\n\t#uc_post_grid_elementor_1928354 .uc_post_grid_style_one_item\n    {\n      display:flex;\n    }\n\n\t#uc_post_grid_elementor_1928354 .uc_content\n    {\n      display:flex;\n      justify-content:center;\n      flex-direction:column;\n    }\n\n    #uc_post_grid_elementor_1928354 .uc_content \n    {\n\n      flex-shrink:0;\n      flex-grow:0;\n    }\n    #uc_post_grid_elementor_1928354 .uc_post_grid_style_one_image\n    {\n      flex-grow:1;\n    }\n\t\n\n\n\n\n\n\n\n\n\n\n\n\n\n#uc_post_grid_elementor_1928354 .ue-meta-data\n{\n  \n  display:flex;\n\n  flex-wrap: wrap;\n  line-height:1em;\n}\n\n#uc_post_grid_elementor_1928354 .ue-grid-item-meta-data\n{\n      display:inline-flex;\n      align-items:center;\n}\n\n#uc_post_grid_elementor_1928354 .ue-grid-item-meta-data a{\n  color:inherit;\n}\n\n.ue-grid-item-meta-data\n{\n  font-size:12px;\n}\n\n#uc_post_grid_elementor_1928354 .ue-grid-item-meta-data-icon\n{\n  line-height:1em;\n}\n\n#uc_post_grid_elementor_1928354 .ue-grid-item-meta-data-icon svg\n{\n  width:1em;\n  height:1em;\n}\n\n#uc_post_grid_elementor_1928354 .ue-debug-meta\n{\n  padding:10px;\n  border:1px solid red;\n  position:relative;\n  line-height:1.5em;\n  font-size:11px;\n  width:100%;\n}\n\n#uc_post_grid_elementor_1928354 .uc_btn_inner\n{\n  display:inline-flex;\n  align-items:center;\n}\n\n#uc_post_grid_elementor_1928354 .uc_btn_inner svg\n{\n  width:1em;\n  height:1em;\n}\n\n\n\n\n\n\n\n<\/style>\n\n<div class=\"uc_post_grid_style_one uc-filterable-grid\" id=\"uc_post_grid_elementor_1928354\"  data-ajax='true'  data-filterbehave='ajax'  querydata='{&quot;count_posts&quot;:3,&quot;total_posts&quot;:3,&quot;page&quot;:1,&quot;num_pages&quot;:1,&quot;orderby&quot;:&quot;meta__date_de_debut__text&quot;,&quot;orderdir&quot;:&quot;asc&quot;}' >\n\t\t<div class=\"uc_post_grid_style_one_wrap ue_post_grid uc-items-wrapper\">\n\t\t\t\n\n\n\n<div id=\"uc_post_grid_elementor_1928354_item1\" class=\"uc_post_grid_style_one_item ue_post_grid_item ue-item\">\n  \n      <a class=\"uc_post_grid_style_one_image\" href='https:\/\/www.justicepaix.be\/en\/agenda\/arpentage-litteraire-bruxelles-low-tech\/' target=\"_self\">\n     <div class=\"uc_post_image\">\n       <img decoding=\"async\" src=\"https:\/\/www.justicepaix.be\/wp-content\/uploads\/2026\/03\/Lage-des-low-tech-768x768.jpg\"  alt=\"Affiche arpentage litt\u00e9raire Bruxelles \u2013 L\u2019\u00e2ge des low tech, atelier lecture collectif\" width=\"768\" height=\"768\">\n       <div class=\"uc_post_image_overlay\"><\/div>\n     <\/div>\n    <\/a>\n   \n  <div class=\"uc_content\">\n    <div class=\"uc_content_inner\">\n      <div class=\"uc_content-info-wrapper\" >\n        \n                 \n        \t        \t\t  \n        \t        \n        \t<div class=\"ue-grid-item-category\">\n                      \t<\/div>        \n      \n              <div class=\"ue-meta-data\">\n            \n            \n                \n        \n\t\n           \n          \t\t\n      \t\t\t\t\n\t  \t\t<div class=\"ue-grid-item-meta-data\"><span class=\"ue-grid-item-meta-data-icon\"><i class='far fa-calendar-check'><\/i><\/span>  30 avril 2026<\/div>\n      \t\t\t\t\n                \n                \n                \n                \n    \t\t\t\n      \n            \n  <\/div>\t\n  \n\n            \t\t      \t\t\t<div class=\"uc_post_title\"><a class=\"\" href='https:\/\/www.justicepaix.be\/en\/agenda\/arpentage-litteraire-bruxelles-low-tech\/' target=\"_self\"><div class=\"ue_p_title\">Arpentage litt\u00e9raire Bruxelles :\u00a0\u00ab L'\u00e2ge des low tech\u00a0\u00bb, Philippe Bihouix<\/div><\/a><\/div>\n      \t\t      \t\n                      \n       \n            \t<div class=\"uc_post_text\">Les technologies \u201cvertes\u201d sont souvent pr\u00e9sent\u00e9es comme une solution aux crises \u00e9cologiques.Mais consomment-elles...<\/div>\n     \n                 \n                            \n                                  \n     <\/div>                      \n                           \n \t<\/div>  <\/div>      \n        \n<\/div>\n\n\n\n\n<div id=\"uc_post_grid_elementor_1928354_item2\" class=\"uc_post_grid_style_one_item ue_post_grid_item ue-item\">\n  \n      <a class=\"uc_post_grid_style_one_image\" href='https:\/\/www.justicepaix.be\/en\/agenda\/journal-vivant-temoigner-comprendre-resister\/' target=\"_self\">\n     <div class=\"uc_post_image\">\n       <img loading=\"lazy\" decoding=\"async\" src=\"https:\/\/www.justicepaix.be\/wp-content\/uploads\/2026\/02\/JOURNAL_VIVANT_TEASER_scene_06_1-1-00000-768x768.png\"  alt=\"Illustration d\u2019une jeune femme assise dans une salle, lisant un journal d\u2019o\u00f9 \u00e9mergent des ic\u00f4nes de micro, musique, photos et plantes, symbolisant le Journal Vivant \u00e0 Bruxelles.\" width=\"768\" height=\"768\">\n       <div class=\"uc_post_image_overlay\"><\/div>\n     <\/div>\n    <\/a>\n   \n  <div class=\"uc_content\">\n    <div class=\"uc_content_inner\">\n      <div class=\"uc_content-info-wrapper\" >\n        \n                 \n        \t        \t\t  \n        \t        \n        \t<div class=\"ue-grid-item-category\">\n                      \t<\/div>        \n      \n              <div class=\"ue-meta-data\">\n            \n            \n                \n        \n\t\n           \n          \t\t\n      \t\t\t\t\n\t  \t\t<div class=\"ue-grid-item-meta-data\"><span class=\"ue-grid-item-meta-data-icon\"><i class='far fa-calendar-check'><\/i><\/span>  12 mai 2026<\/div>\n      \t\t\t\t\n                \n                \n                \n                \n    \t\t\t\n      \n            \n  <\/div>\t\n  \n\n            \t\t      \t\t\t<div class=\"uc_post_title\"><a class=\"\" href='https:\/\/www.justicepaix.be\/en\/agenda\/journal-vivant-temoigner-comprendre-resister\/' target=\"_self\"><div class=\"ue_p_title\">Journal vivant : t\u00e9moigner, comprendre, r\u00e9sister<\/div><\/a><\/div>\n      \t\t      \t\n                      \n       \n            \t<div class=\"uc_post_text\">Une soir\u00e9e hors du commun organis\u00e9e par Justice &amp; Paix.\n\n\n\n\n\nJustice &amp; Paix, convaincue que la...<\/div>\n     \n                 \n                            \n                                  \n     <\/div>                      \n                           \n \t<\/div>  <\/div>      \n        \n<\/div>\n\n\n\n\n<div id=\"uc_post_grid_elementor_1928354_item3\" class=\"uc_post_grid_style_one_item ue_post_grid_item ue-item\">\n  \n      <a class=\"uc_post_grid_style_one_image\" href='https:\/\/www.justicepaix.be\/en\/agenda\/cine-debat-bruxelles-nyota\/' target=\"_self\">\n     <div class=\"uc_post_image\">\n       <img loading=\"lazy\" decoding=\"async\" src=\"https:\/\/www.justicepaix.be\/wp-content\/uploads\/2026\/03\/Affiche-nwv--768x1086.jpg\"  alt=\"Cin\u00e9-d\u00e9bat NYOTA Les Enfants Lumi\u00e8re Bruxelles Vend\u00f4me\" width=\"768\" height=\"1086\">\n       <div class=\"uc_post_image_overlay\"><\/div>\n     <\/div>\n    <\/a>\n   \n  <div class=\"uc_content\">\n    <div class=\"uc_content_inner\">\n      <div class=\"uc_content-info-wrapper\" >\n        \n                 \n        \t        \t\t  \n        \t        \n        \t<div class=\"ue-grid-item-category\">\n                      \t<\/div>        \n      \n              <div class=\"ue-meta-data\">\n            \n            \n                \n        \n\t\n           \n          \t\t\n      \t\t\t\t\n\t  \t\t<div class=\"ue-grid-item-meta-data\"><span class=\"ue-grid-item-meta-data-icon\"><i class='far fa-calendar-check'><\/i><\/span>  21 mai 2026<\/div>\n      \t\t\t\t\n                \n                \n                \n                \n    \t\t\t\n      \n            \n  <\/div>\t\n  \n\n            \t\t      \t\t\t<div class=\"uc_post_title\"><a class=\"\" href='https:\/\/www.justicepaix.be\/en\/agenda\/cine-debat-bruxelles-nyota\/' target=\"_self\"><div class=\"ue_p_title\">Cin\u00e9-d\u00e9bat Bruxelles : \u00ab NYOTA, Les Enfants Lumi\u00e8re \u00bb<\/div><\/a><\/div>\n      \t\t      \t\n                      \n       \n            \t<div class=\"uc_post_text\">Un film bouleversant sur l\u2019enfance marqu\u00e9e par la guerre, suivi d\u2019un \u00e9change avec l\u2019\u00e9quipe du film.\n\n\n\nINSCRIS-TOI...<\/div>\n     \n                 \n                            \n                                  \n     <\/div>                      \n                           \n \t<\/div>  <\/div>      \n        \n<\/div>\n\n\t\t<\/div>\n\t<\/div>\n\n\n\n  <div id=\"uc_post_grid_elementor_1928354_empty_message\" class=\"ue-no-posts-found\"  style=\"display:none\" >No posts found<\/div>\n\n\n<!-- end Post Grid -->\t\t\t\t<\/div>\n\t\t\t\t<\/div>\n\t\t\t\t<div class=\"elementor-element elementor-element-dd42364 elementor-widget elementor-widget-ucaddon_load_more_filter\" data-id=\"dd42364\" data-element_type=\"widget\" data-e-type=\"widget\" data-widget_type=\"ucaddon_load_more_filter.default\">\n\t\t\t\t<div class=\"elementor-widget-container\">\n\t\t\t\t\t\n<!-- start Load More \/ Infinite Scroll -->\n<style>\/* widget: Load More \/ Infinite Scroll *\/\n\n#uc_load_more_filter_elementor_dd42364.uc-ajax-loading{\n\topacity:1 !important;\n}\n\n#uc_load_more_filter_elementor_dd42364.uc-ajax-loading .uc-filter-load-more__loader{\n   display:inline-block !important;\n   color:#C48E00;\n}\n\n\n#uc_load_more_filter_elementor_dd42364.uc-ajax-loading .uc-filter-load-more__link{\n   display:none;  \n}\n\n#uc_load_more_filter_elementor_dd42364  .uc-filter-load-more__link\n{\n  text-align:center;\n}\n\n#uc_load_more_filter_elementor_dd42364 .uc-load-more-wrapper\n{\n  display:inline-flex;\n  align-items:center;\n  justify-content:center;\n}\n\n<\/style>\n\n\n<div id=\"uc_load_more_filter_elementor_dd42364\" class=\"uc-grid-filter uc-filter-load-more\" data-numitems=\"\" data-affect_single_grid=\"false\">\n  \n    \n<\/div>\n<!-- end Load More \/ Infinite Scroll -->\t\t\t\t<\/div>\n\t\t\t\t<\/div>\n\t\t\t\t<\/div>\n\t\t\t\t\t<\/div>\n\t\t\t\t<\/div>\n\t\t<div class=\"elementor-element elementor-element-f8296de e-flex e-con-boxed e-con e-parent\" data-id=\"f8296de\" data-element_type=\"container\" data-e-type=\"container\">\n\t\t\t\t\t<div class=\"e-con-inner\">\n\t\t\t\t<div class=\"elementor-element elementor-element-2357d4b elementor-widget elementor-widget-heading\" data-id=\"2357d4b\" data-element_type=\"widget\" data-e-type=\"widget\" data-widget_type=\"heading.default\">\n\t\t\t\t<div class=\"elementor-widget-container\">\n\t\t\t\t\t<div class=\"elementor-heading-title elementor-size-xl\">Notre agenda est vide ? Vous ne trouvez pas votre bonheur ?<\/div>\t\t\t\t<\/div>\n\t\t\t\t<\/div>\n\t\t\t\t\t<\/div>\n\t\t\t\t<\/div>\n\t\t<div class=\"elementor-element elementor-element-187c11e e-flex e-con-boxed e-con e-parent\" data-id=\"187c11e\" data-element_type=\"container\" data-e-type=\"container\">\n\t\t\t\t\t<div class=\"e-con-inner\">\n\t\t<div class=\"elementor-element elementor-element-f77119e e-con-full e-flex e-con e-child\" data-id=\"f77119e\" data-element_type=\"container\" data-e-type=\"container\">\n\t\t\t\t<div class=\"elementor-element elementor-element-5d1099c elementor-widget elementor-widget-text-editor\" data-id=\"5d1099c\" data-element_type=\"widget\" data-e-type=\"widget\" data-widget_type=\"text-editor.default\">\n\t\t\t\t<div class=\"elementor-widget-container\">\n\t\t\t\t\t\t\t\t\t<p>Inscrivez vous \u00e0 notre newsletter pour ne pas manquer les annonces de nos prochains \u00e9v\u00e9nements.<\/p>\t\t\t\t\t\t\t\t<\/div>\n\t\t\t\t<\/div>\n\t\t\t\t<\/div>\n\t\t<div class=\"elementor-element elementor-element-fec5a42 e-con-full e-flex e-con e-child\" data-id=\"fec5a42\" data-element_type=\"container\" data-e-type=\"container\">\n\t\t\t\t<div data-dce-background-color=\"#FFFFFF00\" class=\"elementor-element elementor-element-280846f elementor-align-center elementor-widget__width-initial elementor-widget elementor-widget-button\" data-id=\"280846f\" data-element_type=\"widget\" data-e-type=\"widget\" data-widget_type=\"button.default\">\n\t\t\t\t<div class=\"elementor-widget-container\">\n\t\t\t\t\t\t\t\t\t<div class=\"elementor-button-wrapper\">\n\t\t\t\t\t<a class=\"elementor-button elementor-button-link elementor-size-sm elementor-animation-push\" href=\"https:\/\/www.justicepaix.be\/en\/inscription-newsletter\/\">\n\t\t\t\t\t\t<span class=\"elementor-button-content-wrapper\">\n\t\t\t\t\t\t\t\t\t<span class=\"elementor-button-text\">Je m'abonne<\/span>\n\t\t\t\t\t<\/span>\n\t\t\t\t\t<\/a>\n\t\t\t\t<\/div>\n\t\t\t\t\t\t\t\t<\/div>\n\t\t\t\t<\/div>\n\t\t\t\t<\/div>\n\t\t\t\t\t<\/div>\n\t\t\t\t<\/div>\n\t\t\t\t<\/div>","protected":false},"excerpt":{"rendered":"<p>Tout Arpentage litt\u00e9raire Atelier Conf\u00e9rence Formation Volontariat Le jeudi 5 septembre Appel \u00e0 volontaires : Comprendre les conflits internationaux avec Justice &amp; Paix\u00a0 Rejoignez notre nouveau groupe de volontaires sur les conflits internationaux ! Le vendredi 6 septembre 2024 Agro\u00e9cologie : le bio, une d\u00e9marche positive pour une r\u00e9silience accrue Participez \u00e0 notre conf\u00e9rence\/d\u00e9bat sur [&hellip;]<\/p>\n","protected":false},"author":1,"featured_media":27626,"parent":0,"menu_order":0,"comment_status":"closed","ping_status":"closed","template":"elementor_header_footer","meta":{"_acf_changed":false,"_seopress_robots_primary_cat":"","_seopress_titles_title":"","_seopress_titles_desc":"Participez \u00e0 l'une de nos formations citoyennes, l'une de nos conf\u00e9rences d\u00e9bat ou l'une de nos animations sur des questions de droits humains et environnementaux.","_seopress_robots_index":"","footnotes":""},"class_list":["post-27229","page","type-page","status-publish","has-post-thumbnail","hentry"],"acf":[],"_links":{"self":[{"href":"https:\/\/www.justicepaix.be\/en\/wp-json\/wp\/v2\/pages\/27229","targetHints":{"allow":["GET"]}}],"collection":[{"href":"https:\/\/www.justicepaix.be\/en\/wp-json\/wp\/v2\/pages"}],"about":[{"href":"https:\/\/www.justicepaix.be\/en\/wp-json\/wp\/v2\/types\/page"}],"author":[{"embeddable":true,"href":"https:\/\/www.justicepaix.be\/en\/wp-json\/wp\/v2\/users\/1"}],"replies":[{"embeddable":true,"href":"https:\/\/www.justicepaix.be\/en\/wp-json\/wp\/v2\/comments?post=27229"}],"version-history":[{"count":5,"href":"https:\/\/www.justicepaix.be\/en\/wp-json\/wp\/v2\/pages\/27229\/revisions"}],"predecessor-version":[{"id":28575,"href":"https:\/\/www.justicepaix.be\/en\/wp-json\/wp\/v2\/pages\/27229\/revisions\/28575"}],"wp:featuredmedia":[{"embeddable":true,"href":"https:\/\/www.justicepaix.be\/en\/wp-json\/wp\/v2\/media\/27626"}],"wp:attachment":[{"href":"https:\/\/www.justicepaix.be\/en\/wp-json\/wp\/v2\/media?parent=27229"}],"curies":[{"name":"wp","href":"https:\/\/api.w.org\/{rel}","templated":true}]}}