{"id":24303,"date":"2023-07-18T16:54:50","date_gmt":"2023-07-18T14:54:50","guid":{"rendered":"https:\/\/www.justicepaix.be\/?page_id=24303"},"modified":"2024-06-06T15:37:43","modified_gmt":"2024-06-06T13:37:43","slug":"awareness-raising-animation","status":"publish","type":"page","link":"https:\/\/www.justicepaix.be\/en\/sensibilisation-animation\/","title":{"rendered":"Awareness &amp; animation"},"content":{"rendered":"<div data-elementor-type=\"wp-page\" data-elementor-id=\"24303\" class=\"elementor elementor-24303\" data-elementor-post-type=\"page\">\n\t\t\t\t<div data-dce-background-color=\"#ffffff\" data-dce-background-overlay-color=\"#000000\" data-dce-background-image-url=\"https:\/\/www.justicepaix.be\/wp-content\/uploads\/2023\/07\/IMG_20220421_210921-scaled.webp\" class=\"elementor-element elementor-element-7a3f7ad e-flex e-con-boxed e-con e-parent\" data-id=\"7a3f7ad\" data-element_type=\"container\" data-e-type=\"container\" data-settings=\"{&quot;background_background&quot;:&quot;classic&quot;,&quot;shape_divider_bottom&quot;:&quot;opacity-tilt&quot;}\">\n\t\t\t\t\t<div class=\"e-con-inner\">\n\t\t\t\t<div class=\"elementor-shape elementor-shape-bottom\" aria-hidden=\"true\" data-negative=\"false\">\n\t\t\t<svg xmlns=\"http:\/\/www.w3.org\/2000\/svg\" viewbox=\"0 0 2600 131.1\" preserveaspectratio=\"none\">\n\t<path class=\"elementor-shape-fill\" d=\"M0 0L2600 0 2600 69.1 0 0z\"\/>\n\t<path class=\"elementor-shape-fill\" style=\"opacity:0.5\" d=\"M0 0L2600 0 2600 69.1 0 69.1z\"\/>\n\t<path class=\"elementor-shape-fill\" style=\"opacity:0.25\" d=\"M2600 0L0 0 0 130.1 2600 69.1z\"\/>\n<\/svg>\t\t<\/div>\n\t\t<div class=\"elementor-element elementor-element-619c704 e-con-full e-flex e-con e-child\" data-id=\"619c704\" data-element_type=\"container\" data-e-type=\"container\">\n\t\t\t\t<div data-dce-title-color=\"#FFFFFF\" class=\"elementor-element elementor-element-c3df11b elementor-widget elementor-widget-heading\" data-id=\"c3df11b\" data-element_type=\"widget\" data-e-type=\"widget\" data-widget_type=\"heading.default\">\n\t\t\t\t<div class=\"elementor-widget-container\">\n\t\t\t\t\t<h1 class=\"elementor-heading-title elementor-size-default\">Awareness &amp; animation <\/h1>\t\t\t\t<\/div>\n\t\t\t\t<\/div>\n\t\t\t\t<div class=\"elementor-element elementor-element-e52f708 elementor-widget elementor-widget-text-editor\" data-id=\"e52f708\" data-element_type=\"widget\" data-e-type=\"widget\" data-widget_type=\"text-editor.default\">\n\t\t\t\t<div class=\"elementor-widget-container\">\n\t\t\t\t\t\t\t\t\t<p>Raising awareness is a necessary step in citizen action! We are undertaking numerous actions to raise awareness among the Belgian population. Campaigns, videos, events, etc. Discover them and take part!<\/p>\t\t\t\t\t\t\t\t<\/div>\n\t\t\t\t<\/div>\n\t\t\t\t<\/div>\n\t\t\t\t\t<\/div>\n\t\t\t\t<\/div>\n\t\t\t\t<section class=\"elementor-section elementor-top-section elementor-element elementor-element-f6fab46 elementor-section-boxed elementor-section-height-default elementor-section-height-default\" data-id=\"f6fab46\" data-element_type=\"section\" data-e-type=\"section\">\n\t\t\t\t\t\t<div class=\"elementor-container elementor-column-gap-default\">\n\t\t\t\t\t<div class=\"elementor-column elementor-col-100 elementor-top-column elementor-element elementor-element-c35c891\" data-id=\"c35c891\" data-element_type=\"column\" data-e-type=\"column\">\n\t\t\t<div class=\"elementor-widget-wrap elementor-element-populated\">\n\t\t\t\t\t\t<div class=\"elementor-element elementor-element-e3a44dd elementor-widget elementor-widget-spacer\" data-id=\"e3a44dd\" data-element_type=\"widget\" data-e-type=\"widget\" data-widget_type=\"spacer.default\">\n\t\t\t\t<div class=\"elementor-widget-container\">\n\t\t\t\t\t\t\t<div class=\"elementor-spacer\">\n\t\t\t<div class=\"elementor-spacer-inner\"><\/div>\n\t\t<\/div>\n\t\t\t\t\t\t<\/div>\n\t\t\t\t<\/div>\n\t\t\t\t\t<\/div>\n\t\t<\/div>\n\t\t\t\t\t<\/div>\n\t\t<\/section>\n\t\t<div class=\"elementor-element elementor-element-59dd262 e-flex e-con-boxed e-con e-parent\" data-id=\"59dd262\" data-element_type=\"container\" data-e-type=\"container\">\n\t\t\t\t\t<div class=\"e-con-inner\">\n\t\t<div class=\"elementor-element elementor-element-6dd245c e-con-full e-flex e-con e-child\" data-id=\"6dd245c\" data-element_type=\"container\" data-e-type=\"container\">\n\t\t\t\t<div class=\"elementor-element elementor-element-e7648ba elementor-widget elementor-widget-heading\" data-id=\"e7648ba\" data-element_type=\"widget\" data-e-type=\"widget\" data-widget_type=\"heading.default\">\n\t\t\t\t<div class=\"elementor-widget-container\">\n\t\t\t\t\t<h2 class=\"elementor-heading-title elementor-size-xl\">Raising awareness for action<\/h2>\t\t\t\t<\/div>\n\t\t\t\t<\/div>\n\t\t\t\t<div class=\"elementor-element elementor-element-7256c5f elementor-widget elementor-widget-text-editor\" data-id=\"7256c5f\" data-element_type=\"widget\" data-e-type=\"widget\" data-widget_type=\"text-editor.default\">\n\t\t\t\t<div class=\"elementor-widget-container\">\n\t\t\t\t\t\t\t\t\t<p>Many topics deserve to have a place in public debate. Justice &amp; Peace regularly carries out <strong>campaigns, events and activities to raise awareness among the Belgian population of the issues that are important to them.\u00a0<\/strong><\/p><p><span style=\"color: var( --e-global-color-text ); font-family: var( --e-global-typography-text-font-family ), Sans-serif; font-weight: var( --e-global-typography-text-font-weight ); font-size: 1rem;\">Whether you are a citizen or a teacher, we offer numerous activities aimed at <strong>raising awareness, supporting and mobilizing the general public.<\/strong> To learn more about the themes of international conflicts, natural resources, migration,\u00a0<\/span>mining extractivism in DR Congo and Peru, ecological transition and metal issues, violation of human rights, memory and reconciliation, etc.<a href=\"https:\/\/www.justicepaix.be\/en\/agenda\/\" target=\"_blank\" rel=\"noopener\"><strong> take part in one of our activities!<\/strong><\/a><\/p>\t\t\t\t\t\t\t\t<\/div>\n\t\t\t\t<\/div>\n\t\t\t\t<\/div>\n\t\t<div class=\"elementor-element elementor-element-a707546 e-con-full e-flex e-con e-child\" data-id=\"a707546\" data-element_type=\"container\" data-e-type=\"container\">\n\t\t\t\t<div class=\"elementor-element elementor-element-eb1920a elementor-widget elementor-widget-ucaddon_uc_slider_image\" data-id=\"eb1920a\" data-element_type=\"widget\" data-e-type=\"widget\" data-widget_type=\"ucaddon_uc_slider_image.default\">\n\t\t\t\t<div class=\"elementor-widget-container\">\n\t\t\t\t\t\n<!-- start Slider Gallery -->\n\t\t<link id='unitegallery-css' href='https:\/\/www.justicepaix.be\/wp-content\/plugins\/unlimited-elements-for-elementor-premium\/assets_libraries\/unitegallery\/css\/unite-gallery.css' type='text\/css' rel='stylesheet' >\n\n<style>\/* widget: Slider Gallery *\/\n\n#uc_uc_slider_image_elementor_eb1920a\n{\n  overflow:hidden;\n}\n\n#uc_uc_slider_image_elementor_eb1920a-wrapper\n{\n  min-height:1px;\n}\n\n<\/style>\n\n<div id=\"uc_uc_slider_image_elementor_eb1920a-wrapper\">\n<div id=\"uc_uc_slider_image_elementor_eb1920a\" class=\"uc-items-wrapper\" style=\"display:none; margin:0 auto;\"  data-remote-type=\"gallery\" data-custom-sethtml=\"true\" >\n\n\n<img decoding=\"async\" alt=\"IMG_6860\"\n   src=\"https:\/\/www.justicepaix.be\/wp-content\/uploads\/2024\/06\/IMG_6860-768x512.jpg\"\n    data-image=\"https:\/\/www.justicepaix.be\/wp-content\/uploads\/2024\/06\/IMG_6860-1024x683.jpg\"\n    data-title=\"IMG_6860\">\n\n<img decoding=\"async\" alt=\"3\"\n   src=\"https:\/\/www.justicepaix.be\/wp-content\/uploads\/2024\/06\/3-2-768x768.jpg\"\n    data-image=\"https:\/\/www.justicepaix.be\/wp-content\/uploads\/2024\/06\/3-2-1024x1024.jpg\"\n    data-title=\"3\">\n\n<img decoding=\"async\" alt=\"IMG_6758\"\n   src=\"https:\/\/www.justicepaix.be\/wp-content\/uploads\/2023\/01\/IMG_6758-768x512.jpg\"\n    data-image=\"https:\/\/www.justicepaix.be\/wp-content\/uploads\/2023\/01\/IMG_6758-1024x683.jpg\"\n    data-title=\"IMG_6758\">\n\n<img decoding=\"async\" alt=\"IMG_20220421_205210\"\n   src=\"https:\/\/www.justicepaix.be\/wp-content\/uploads\/2023\/01\/IMG_20220421_205210-768x1707.jpg\"\n    data-image=\"https:\/\/www.justicepaix.be\/wp-content\/uploads\/2023\/01\/IMG_20220421_205210-461x1024.jpg\"\n    data-title=\"IMG_20220421_205210\">\n\n<img decoding=\"async\" alt=\"image004\"\n   src=\"https:\/\/www.justicepaix.be\/wp-content\/uploads\/2024\/06\/image004-768x576.jpg\"\n    data-image=\"https:\/\/www.justicepaix.be\/wp-content\/uploads\/2024\/06\/image004.jpg\"\n    data-title=\"image004\">\n\n<img decoding=\"async\" alt=\"WhatsApp Image 2024-05-29 \u00e0 15.22\"\n   src=\"https:\/\/www.justicepaix.be\/wp-content\/uploads\/2024\/06\/WhatsApp-Image-2024-05-29-a-15.22.59_4fa52f40-768x576.jpg\"\n    data-image=\"https:\/\/www.justicepaix.be\/wp-content\/uploads\/2024\/06\/WhatsApp-Image-2024-05-29-a-15.22.59_4fa52f40-1024x768.jpg\"\n    data-title=\"WhatsApp Image 2024-05-29 \u00e0 15.22\">\n\n<img decoding=\"async\" alt=\"IMG_6050\"\n   src=\"https:\/\/www.justicepaix.be\/wp-content\/uploads\/2023\/01\/IMG_6050-768x512.jpg\"\n    data-image=\"https:\/\/www.justicepaix.be\/wp-content\/uploads\/2023\/01\/IMG_6050-1024x683.jpg\"\n    data-title=\"IMG_6050\">\n\n<img decoding=\"async\" alt=\"Intern analysis\"\n   src=\"https:\/\/www.justicepaix.be\/wp-content\/uploads\/2022\/12\/Analyse-stagiaire-768x533.jpg\"\n    data-image=\"https:\/\/www.justicepaix.be\/wp-content\/uploads\/2022\/12\/Analyse-stagiaire.jpg\"\n    data-title=\"Analyse-stagiaire\">\n\n  \n<\/div>\n<\/div>\n<!-- end Slider Gallery -->\t\t\t\t<\/div>\n\t\t\t\t<\/div>\n\t\t\t\t<\/div>\n\t\t\t\t\t<\/div>\n\t\t\t\t<\/div>\n\t\t<div class=\"elementor-element elementor-element-b4be98a e-flex e-con-boxed e-con e-parent\" data-id=\"b4be98a\" data-element_type=\"container\" data-e-type=\"container\">\n\t\t\t\t\t<div class=\"e-con-inner\">\n\t\t<div class=\"elementor-element elementor-element-4ac6da2 e-con-full e-flex e-con e-child\" data-id=\"4ac6da2\" data-element_type=\"container\" data-e-type=\"container\">\n\t\t\t\t<div class=\"elementor-element elementor-element-e6d58e3 elementor-widget elementor-widget-spacer\" data-id=\"e6d58e3\" data-element_type=\"widget\" data-e-type=\"widget\" data-widget_type=\"spacer.default\">\n\t\t\t\t<div class=\"elementor-widget-container\">\n\t\t\t\t\t\t\t<div class=\"elementor-spacer\">\n\t\t\t<div class=\"elementor-spacer-inner\"><\/div>\n\t\t<\/div>\n\t\t\t\t\t\t<\/div>\n\t\t\t\t<\/div>\n\t\t\t\t<\/div>\n\t\t\t\t\t<\/div>\n\t\t\t\t<\/div>\n\t\t<div class=\"elementor-element elementor-element-309a8f0 e-flex e-con-boxed e-con e-parent\" data-id=\"309a8f0\" data-element_type=\"container\" data-e-type=\"container\">\n\t\t\t\t\t<div class=\"e-con-inner\">\n\t\t<div class=\"elementor-element elementor-element-ba2fddb e-con-full e-flex e-con e-child\" data-id=\"ba2fddb\" data-element_type=\"container\" data-e-type=\"container\">\n\t\t\t\t<div class=\"elementor-element elementor-element-558b67b elementor-widget elementor-widget-ucaddon_flip_box\" data-id=\"558b67b\" data-element_type=\"widget\" data-e-type=\"widget\" data-widget_type=\"ucaddon_flip_box.default\">\n\t\t\t\t<div class=\"elementor-widget-container\">\n\t\t\t\t\t\n<!-- start Flip Box -->\n\t\t<link id='font-awesome-css' href='https:\/\/www.justicepaix.be\/wp-content\/plugins\/unlimited-elements-for-elementor-premium\/assets_libraries\/font-awesome6\/fontawesome-all.min.css' type='text\/css' rel='stylesheet' >\n\t\t<link id='font-awesome-4-shim-css' href='https:\/\/www.justicepaix.be\/wp-content\/plugins\/unlimited-elements-for-elementor-premium\/assets_libraries\/font-awesome6\/fontawesome-v4-shims.min.css' type='text\/css' rel='stylesheet' >\n\t\t<link id='uc_ac_assets_file_ue_flipbox_styles_css_12353-css' href='https:\/\/www.justicepaix.be\/wp-content\/uploads\/ac_assets\/uc_flip_box_base\/animations\/ue-flipbox-styles.css' type='text\/css' rel='stylesheet' >\n\n<style>\/* widget: Flip Box *\/\n\n\/* elementor container support *\/\n.e-con-inner>.elementor-widget-ucaddon_flip_box, .e-con>.elementor-widget-ucaddon_flip_box {\n    width: var(--container-widget-width);\n    --flex-grow: var(--container-widget-flex-grow);\n}\n\n#uc_flip_box_elementor_558b67b .ue-flip-box__panel.ue-flip-box__panel--front,\n#uc_flip_box_elementor_558b67b .ue-flip-box__panel.ue-flip-box__panel--back {\n    backface-visibility: hidden;\n    -webkit-backface-visibility: hidden; \n}\n\n#uc_flip_box_elementor_558b67b .ue-flip-box__panel__wrapper{\n  pointer-events: all;\n}\n\n\n#uc_flip_box_elementor_558b67b .ue-flip-box__panel--back .ue_btn{\n\tdisplay: inline-block;\n}\n\t\n\t#uc_flip_box_elementor_558b67b .ue-flip-box__container, #uc_flip_box_elementor_558b67b .ue-flip-box__panel {\n      overflow: hidden;\n    }\n\t\n\n\n\n\n\n#uc_flip_box_elementor_558b67b .ue-flip-box__panel--front-overlay, #uc_flip_box_elementor_558b67b .ue-flip-box__panel--back-overlay\n{\n  position:absolute;\n  top:0;\n  bottom:0;\n  right:0;\n  left:0;\n  z-index:-1;\n}\n\n\n\n<\/style>\n\n<div id=\"uc_flip_box_elementor_558b67b\" class=\"ue-flip-box\" data-id=\"uc_flip_box_elementor_558b67b\" data-closeonbody='false'>\n  \n      <div class=\"ue-flip-box__container uc-hide ue-swap_left ue-flip-box__container--hover\" tabindex=\"0\">\n      \n    <div class=\"ue-flip-box__panel ue-flip-box__panel--front\">\n      <div class=\"ue-flip-box__panel--front-overlay\"><\/div>\n            <div class=\"ue-flip-box__panel__wrapper\">\n        <div class=\"ue-flip-box__panel__content\">\n                                          <div class=\"ue-flip-box__panel__element ue-flip-box__icon\"><i class='fas fa-globe-europe'><\/i><\/div>                                                                     <div class=\"ue-flip-box__panel__element ue-flip-box__title\">Vous \u00eates citoyen\u00b7ne ?<\/div>                                                          <\/div>\n      <\/div>\n    <\/div>\n    \n\n      \n    <div class=\"ue-flip-box__panel ue-flip-box__panel--back\">\n      <div class=\"ue-flip-box__panel--back-overlay\"><\/div>\n            <div class=\"ue-flip-box__panel__wrapper\">\n        <div class=\"ue-flip-box__panel__content\">\n                                        <div class=\"ue-flip-box__panel__element ue-flip-box__description\"><p>Nous publions r\u00e9guli\u00e8rement <strong>des campagnes de sensibilisation<\/strong> \u00e0 destination des citoyens et citoyennes belges sur des th\u00e9matiques qui nous concernent toutes et tous. Vous pourrez \u00e9galement participer <strong>aux nombreuses animations citoyennes<\/strong> que nous organisons tout au long de l'ann\u00e9e: conf\u00e9rences, tables rondes, cin\u00e9 d\u00e9bats, tables rondes, etc.\u00a0<\/p><\/div>          <div class=\"ue-flip-box__panel__element ue-flip-box__button\"><a href=\"https:\/\/www.justicepaix.be\/en\/awareness-raising-citizen-animation\/\" class=\"ue_btn\" >Learn more<\/a><\/div>        <\/div>\n      <\/div>\n    <\/div>\n    \n  <\/div>\n  \n   \n      \n        \n<\/div>\n<!-- end Flip Box -->\t\t\t\t<\/div>\n\t\t\t\t<\/div>\n\t\t\t\t<\/div>\n\t\t<div class=\"elementor-element elementor-element-4998bf4 e-con-full e-flex e-con e-child\" data-id=\"4998bf4\" data-element_type=\"container\" data-e-type=\"container\">\n\t\t\t\t<div class=\"elementor-element elementor-element-d505f99 elementor-widget elementor-widget-ucaddon_flip_box\" data-id=\"d505f99\" data-element_type=\"widget\" data-e-type=\"widget\" data-widget_type=\"ucaddon_flip_box.default\">\n\t\t\t\t<div class=\"elementor-widget-container\">\n\t\t\t\t\t\n<!-- start Flip Box -->\n\n<style>\/* widget: Flip Box *\/\n\n\/* elementor container support *\/\n.e-con-inner>.elementor-widget-ucaddon_flip_box, .e-con>.elementor-widget-ucaddon_flip_box {\n    width: var(--container-widget-width);\n    --flex-grow: var(--container-widget-flex-grow);\n}\n\n#uc_flip_box_elementor_d505f99 .ue-flip-box__panel.ue-flip-box__panel--front,\n#uc_flip_box_elementor_d505f99 .ue-flip-box__panel.ue-flip-box__panel--back {\n    backface-visibility: hidden;\n    -webkit-backface-visibility: hidden; \n}\n\n#uc_flip_box_elementor_d505f99 .ue-flip-box__panel__wrapper{\n  pointer-events: all;\n}\n\n\n#uc_flip_box_elementor_d505f99 .ue-flip-box__panel--back .ue_btn{\n\tdisplay: inline-block;\n}\n\t\n\t#uc_flip_box_elementor_d505f99 .ue-flip-box__container, #uc_flip_box_elementor_d505f99 .ue-flip-box__panel {\n      overflow: hidden;\n    }\n\t\n\n\n\n\n\n#uc_flip_box_elementor_d505f99 .ue-flip-box__panel--front-overlay, #uc_flip_box_elementor_d505f99 .ue-flip-box__panel--back-overlay\n{\n  position:absolute;\n  top:0;\n  bottom:0;\n  right:0;\n  left:0;\n  z-index:-1;\n}\n\n\n\n<\/style>\n\n<div id=\"uc_flip_box_elementor_d505f99\" class=\"ue-flip-box\" data-id=\"uc_flip_box_elementor_d505f99\" data-closeonbody='false'>\n  \n      <div class=\"ue-flip-box__container uc-hide ue-swap_left ue-flip-box__container--hover\" tabindex=\"0\">\n      \n    <div class=\"ue-flip-box__panel ue-flip-box__panel--front\">\n      <div class=\"ue-flip-box__panel--front-overlay\"><\/div>\n            <div class=\"ue-flip-box__panel__wrapper\">\n        <div class=\"ue-flip-box__panel__content\">\n                                          <div class=\"ue-flip-box__panel__element ue-flip-box__icon\"><i class='fas fa-school'><\/i><\/div>                                                                     <div class=\"ue-flip-box__panel__element ue-flip-box__title\">Vous \u00eates enseignant\u00b7e ?<\/div>                                                          <\/div>\n      <\/div>\n    <\/div>\n    \n\n      \n    <div class=\"ue-flip-box__panel ue-flip-box__panel--back\">\n      <div class=\"ue-flip-box__panel--back-overlay\"><\/div>\n            <div class=\"ue-flip-box__panel__wrapper\">\n        <div class=\"ue-flip-box__panel__content\">\n                                        <div class=\"ue-flip-box__panel__element ue-flip-box__description\"><p>Nous proposons des animations \u00e0 destination de vos classes d'\u00e9l\u00e8ves <strong>sur les conflits &amp; migrations, les ressources naturelles, la bonne gouvernance, le travail de m\u00e9moire, etc.<\/strong> Nous organisons \u00e9galement des formations enseignantes et des s\u00e9ances de renforcement \u00e0 l'utilisation de nos outils p\u00e9dagogiques. N'attendez plus pour aborder des th\u00e9matiques de soci\u00e9t\u00e9 avec vos \u00e9l\u00e8ves !<\/p><\/div>          <div class=\"ue-flip-box__panel__element ue-flip-box__button\"><a href=\"https:\/\/www.justicepaix.be\/en\/teacher-animation\/\" class=\"ue_btn\" >Learn more<\/a><\/div>        <\/div>\n      <\/div>\n    <\/div>\n    \n  <\/div>\n  \n   \n      \n        \n<\/div>\n<!-- end Flip Box -->\t\t\t\t<\/div>\n\t\t\t\t<\/div>\n\t\t\t\t<\/div>\n\t\t\t\t\t<\/div>\n\t\t\t\t<\/div>\n\t\t<div class=\"elementor-element elementor-element-410eb3f e-flex e-con-boxed e-con e-parent\" data-id=\"410eb3f\" data-element_type=\"container\" data-e-type=\"container\">\n\t\t\t\t\t<div class=\"e-con-inner\">\n\t\t\t\t<div class=\"elementor-element elementor-element-65bfcdd elementor-widget elementor-widget-spacer\" data-id=\"65bfcdd\" data-element_type=\"widget\" data-e-type=\"widget\" data-widget_type=\"spacer.default\">\n\t\t\t\t<div class=\"elementor-widget-container\">\n\t\t\t\t\t\t\t<div class=\"elementor-spacer\">\n\t\t\t<div class=\"elementor-spacer-inner\"><\/div>\n\t\t<\/div>\n\t\t\t\t\t\t<\/div>\n\t\t\t\t<\/div>\n\t\t\t\t\t<\/div>\n\t\t\t\t<\/div>\n\t\t\t\t<\/div>","protected":false},"excerpt":{"rendered":"<p>Sensibilisation &amp; animation La sensibilisation est une \u00e9tape n\u00e9cessaire dans l&rsquo;action citoyenne ! Nous entreprenons de nombreuses actions pour sensibiliser la population belge. Campagnes, vid\u00e9os, \u00e9v\u00e9nements, &#8230; D\u00e9couvrez les, et participez-y ! La sensibilisation au service de l&rsquo;action De nombreux sujets m\u00e9ritent d\u2019avoir une place dans le d\u00e9bat public. Justice &amp; Paix effectue r\u00e9guli\u00e8rement des [&hellip;]<\/p>\n","protected":false},"author":63,"featured_media":25122,"parent":0,"menu_order":18,"comment_status":"closed","ping_status":"closed","template":"elementor_header_footer","meta":{"_acf_changed":false,"_seopress_robots_primary_cat":"","_seopress_titles_title":"","_seopress_titles_desc":"","_seopress_robots_index":"","footnotes":""},"class_list":["post-24303","page","type-page","status-publish","has-post-thumbnail","hentry"],"acf":[],"_links":{"self":[{"href":"https:\/\/www.justicepaix.be\/en\/wp-json\/wp\/v2\/pages\/24303","targetHints":{"allow":["GET"]}}],"collection":[{"href":"https:\/\/www.justicepaix.be\/en\/wp-json\/wp\/v2\/pages"}],"about":[{"href":"https:\/\/www.justicepaix.be\/en\/wp-json\/wp\/v2\/types\/page"}],"author":[{"embeddable":true,"href":"https:\/\/www.justicepaix.be\/en\/wp-json\/wp\/v2\/users\/63"}],"replies":[{"embeddable":true,"href":"https:\/\/www.justicepaix.be\/en\/wp-json\/wp\/v2\/comments?post=24303"}],"version-history":[{"count":5,"href":"https:\/\/www.justicepaix.be\/en\/wp-json\/wp\/v2\/pages\/24303\/revisions"}],"predecessor-version":[{"id":28158,"href":"https:\/\/www.justicepaix.be\/en\/wp-json\/wp\/v2\/pages\/24303\/revisions\/28158"}],"wp:featuredmedia":[{"embeddable":true,"href":"https:\/\/www.justicepaix.be\/en\/wp-json\/wp\/v2\/media\/25122"}],"wp:attachment":[{"href":"https:\/\/www.justicepaix.be\/en\/wp-json\/wp\/v2\/media?parent=24303"}],"curies":[{"name":"wp","href":"https:\/\/api.w.org\/{rel}","templated":true}]}}