{"id":17735,"date":"2021-04-15T15:05:07","date_gmt":"2021-04-15T15:05:07","guid":{"rendered":"https:\/\/demop.netbaz.be\/2021\/jp\/?page_id=17735"},"modified":"2024-03-07T14:30:39","modified_gmt":"2024-03-07T13:30:39","slug":"entertainment","status":"publish","type":"page","link":"https:\/\/www.justicepaix.be\/en\/offres\/animations\/","title":{"rendered":"Entertainment"},"content":{"rendered":"\t\t<div data-elementor-type=\"wp-page\" data-elementor-id=\"17735\" class=\"elementor elementor-17735\" data-elementor-post-type=\"page\">\n\t\t\t\t<div data-dce-background-overlay-color=\"#000000\" data-dce-background-image-url=\"http:\/\/demop.netbaz.be\/2021\/jp\/wp-content\/uploads\/2021\/04\/4hmet7vytaq.jpg\" class=\"elementor-element elementor-element-de72ab3 e-flex e-con-boxed e-con e-parent\" data-id=\"de72ab3\" data-element_type=\"container\" data-e-type=\"container\" data-settings=\"{&quot;background_background&quot;:&quot;classic&quot;,&quot;shape_divider_bottom&quot;:&quot;opacity-tilt&quot;}\">\n\t\t\t\t\t<div class=\"e-con-inner\">\n\t\t\t\t<div class=\"elementor-shape elementor-shape-bottom\" aria-hidden=\"true\" data-negative=\"false\">\n\t\t\t<svg xmlns=\"http:\/\/www.w3.org\/2000\/svg\" viewBox=\"0 0 2600 131.1\" preserveAspectRatio=\"none\">\n\t<path class=\"elementor-shape-fill\" d=\"M0 0L2600 0 2600 69.1 0 0z\"\/>\n\t<path class=\"elementor-shape-fill\" style=\"opacity:0.5\" d=\"M0 0L2600 0 2600 69.1 0 69.1z\"\/>\n\t<path class=\"elementor-shape-fill\" style=\"opacity:0.25\" d=\"M2600 0L0 0 0 130.1 2600 69.1z\"\/>\n<\/svg>\t\t<\/div>\n\t\t<div class=\"elementor-element elementor-element-2ff6afe e-con-full e-flex e-con e-child\" data-id=\"2ff6afe\" data-element_type=\"container\" data-e-type=\"container\">\n\t\t\t\t<div class=\"elementor-element elementor-element-b8516c9 elementor-widget elementor-widget-heading\" data-id=\"b8516c9\" data-element_type=\"widget\" data-e-type=\"widget\" data-widget_type=\"heading.default\">\n\t\t\t\t<div class=\"elementor-widget-container\">\n\t\t\t\t\t<h1 class=\"elementor-heading-title elementor-size-default\">Animations<\/h1>\t\t\t\t<\/div>\n\t\t\t\t<\/div>\n\t\t\t\t<div class=\"elementor-element elementor-element-3d885f5 elementor-widget elementor-widget-text-editor\" data-id=\"3d885f5\" data-element_type=\"widget\" data-e-type=\"widget\" data-widget_type=\"text-editor.default\">\n\t\t\t\t<div class=\"elementor-widget-container\">\n\t\t\t\t\t\t\t\t\t<p>Conflits internationaux, ressources naturelles, m\u00e9moire, impunit\u00e9, indicateurs compl\u00e9mentaires, etc. sont autant de th\u00e8mes autour desquels nous vous proposons des animations. Si Justice et Paix vous y convie, la demande peut \u00e9galement venir de vous.<\/p>\t\t\t\t\t\t\t\t<\/div>\n\t\t\t\t<\/div>\n\t\t\t\t<\/div>\n\t\t\t\t\t<\/div>\n\t\t\t\t<\/div>\n\t\t<div class=\"elementor-element elementor-element-cc49f49 e-flex e-con-boxed e-con e-parent\" data-id=\"cc49f49\" data-element_type=\"container\" data-e-type=\"container\">\n\t\t\t\t\t<div class=\"e-con-inner\">\n\t\t<div class=\"elementor-element elementor-element-93033ac e-con-full e-flex e-con e-child\" data-id=\"93033ac\" data-element_type=\"container\" data-e-type=\"container\">\n\t\t\t\t<div class=\"elementor-element elementor-element-c9001f2 elementor-widget elementor-widget-text-editor\" data-id=\"c9001f2\" data-element_type=\"widget\" data-e-type=\"widget\" data-widget_type=\"text-editor.default\">\n\t\t\t\t<div class=\"elementor-widget-container\">\n\t\t\t\t\t\t\t\t\t<p>Justice et Paix d\u00e9veloppe depuis des ann\u00e9es une expertise sur diff\u00e9rents sujets et souhaite la mettre \u00e0 votre service. L\u2019un de nos objectifs est d\u2019informer et de sensibiliser des publics vari\u00e9s sur nos th\u00e9matiques de travail. De courte dur\u00e9e (2 \u00e0 4h), nos animations sont modulables et adaptables \u00e0 diff\u00e9rents types de groupes d&rsquo;adultes.<\/p><p>Nous nous adressons aux enseignant\u00b7e\u00b7s, aux animateur\u00b7ice\u00b7s, aux \u00e9tudiant\u00b7e\u00b7s de l&rsquo;enseignement sup\u00e9rieur, aux acteur\u00b7ice\u00b7s associatifs ou \u00e0 tout groupe de citoyen\u00b7ne\u00b7s d\u00e9sireux\u00b7se\u00b7s d\u2019en savoir plus sur nos th\u00e9matiques. Pour passer \u00e0 l\u2019action, il faut d\u2019abord s\u2019informer !<\/p>\t\t\t\t\t\t\t\t<\/div>\n\t\t\t\t<\/div>\n\t\t<div class=\"elementor-element elementor-element-0a682aa e-con-full e-flex e-con e-child\" data-id=\"0a682aa\" data-element_type=\"container\" data-e-type=\"container\">\n\t\t<div class=\"elementor-element elementor-element-6aa8835 e-con-full e-flex e-con e-child\" data-id=\"6aa8835\" data-element_type=\"container\" data-e-type=\"container\" data-settings=\"{&quot;background_background&quot;:&quot;classic&quot;}\">\n\t\t\t\t<div data-dce-text-color=\"#025683\" class=\"elementor-element elementor-element-2eb9de9 elementor-widget elementor-widget-text-editor\" data-id=\"2eb9de9\" data-element_type=\"widget\" data-e-type=\"widget\" data-widget_type=\"text-editor.default\">\n\t\t\t\t<div class=\"elementor-widget-container\">\n\t\t\t\t\t\t\t\t\t<p>Nos animations sont destin\u00e9es \u00e0 un public adulte en <strong>Belgique<\/strong>. <br \/>Int\u00e9ress\u00e9\u00b7e par une animation aupr\u00e8s d\u2019un public jeune ? C<a style=\"font-family: var( --e-global-typography-text-font-family ), Sans-serif; font-weight: var( --e-global-typography-text-font-weight ); font-size: 1rem;\" href=\"https:\/\/www.justicepaix.be\/nous-contacter\/\">ontactez-nous<\/a>, d\u00e9couvrez \u00e9galement nos <a href=\"https:\/\/www.justicepaix.be\/category\/outils-pedagogiques-notre-offre\/\">outils p\u00e9dagogiques.<\/a><\/p>\t\t\t\t\t\t\t\t<\/div>\n\t\t\t\t<\/div>\n\t\t\t\t<div class=\"elementor-element elementor-element-f9a1e77 elementor-widget elementor-widget-text-editor\" data-id=\"f9a1e77\" data-element_type=\"widget\" data-e-type=\"widget\" data-widget_type=\"text-editor.default\">\n\t\t\t\t<div class=\"elementor-widget-container\">\n\t\t\t\t\t\t\t\t\t<h4>Une animation vous int\u00e9resse ?<\/h4><ul><li>Regardez <a href=\"https:\/\/www.justicepaix.be\/events\/\">l\u2019agenda<\/a> de nos prochains \u00e9v\u00e9nements ou <a href=\"https:\/\/www.justicepaix.be\/nous-contacter\/\">contactez-nous<\/a> pour demander un accompagnement sur mesure !<\/li><li>T\u00e9l\u00e9chargez la <a href=\"https:\/\/www.justicepaix.be\/wp-content\/uploads\/2015\/09\/pdf_cjp_outils_et_formations.pdf\">brochure de pr\u00e9sentation de notre offre p\u00e9dagogique<\/a><\/li><\/ul>\t\t\t\t\t\t\t\t<\/div>\n\t\t\t\t<\/div>\n\t\t\t\t<\/div>\n\t\t<div class=\"elementor-element elementor-element-e13aa46 e-con-full e-flex e-con e-child\" data-id=\"e13aa46\" data-element_type=\"container\" data-e-type=\"container\" data-settings=\"{&quot;background_background&quot;:&quot;classic&quot;}\">\n\t\t\t\t<div data-dce-text-color=\"#025683\" class=\"elementor-element elementor-element-f1cb2dd elementor-widget elementor-widget-text-editor\" data-id=\"f1cb2dd\" data-element_type=\"widget\" data-e-type=\"widget\" data-widget_type=\"text-editor.default\">\n\t\t\t\t<div class=\"elementor-widget-container\">\n\t\t\t\t\t\t\t\t\t<h4 class=\"spip\"><span style=\"color: #c8a137;\">LES ANIMATIONS QUE NOUS PROPOSONS PORTENT SUR LES TH\u00c8MES SUIVANTS\u00a0:<\/span><\/h4><p>&#8211; Conflits et ressources naturelles. Illustration par les cas du P\u00e9rou et\/ou de la RD Congo<\/p><p>-Rompre la mal\u00e9diction des ressources naturelles : alternatives \u00e0 notre syst\u00e8me extractiviste actuel<\/p><p>&#8211; Enjeux strat\u00e9giques et g\u00e9opolitiques des conflits internationaux.<\/p><p>-Au-del\u00e0 du PIB : d\u2019autres indicateurs de prosp\u00e9rit\u00e9-Histoire, m\u00e9moire et lutte contre l\u2019impunit\u00e9 : vivre ensemble apr\u00e8s un conflit<\/p>\t\t\t\t\t\t\t\t<\/div>\n\t\t\t\t<\/div>\n\t\t\t\t<\/div>\n\t\t\t\t<\/div>\n\t\t\t\t<\/div>\n\t\t\t\t\t<\/div>\n\t\t\t\t<\/div>\n\t\t<div class=\"elementor-element elementor-element-3eeece5 e-flex e-con-boxed e-con e-parent\" data-id=\"3eeece5\" data-element_type=\"container\" data-e-type=\"container\">\n\t\t\t\t\t<div class=\"e-con-inner\">\n\t\t<div class=\"elementor-element elementor-element-d4ebf43 e-con-full e-flex e-con e-child\" data-id=\"d4ebf43\" data-element_type=\"container\" data-e-type=\"container\" data-settings=\"{&quot;background_background&quot;:&quot;classic&quot;}\">\n\t\t\t\t<div class=\"elementor-element elementor-element-418fd95 elementor-widget elementor-widget-heading\" data-id=\"418fd95\" data-element_type=\"widget\" data-e-type=\"widget\" data-widget_type=\"heading.default\">\n\t\t\t\t<div class=\"elementor-widget-container\">\n\t\t\t\t\t<h2 class=\"elementor-heading-title elementor-size-default\">Dans les \u00e9coles<\/h2>\t\t\t\t<\/div>\n\t\t\t\t<\/div>\n\t\t\t\t<div class=\"elementor-element elementor-element-adea0a7 elementor-widget elementor-widget-text-editor\" data-id=\"adea0a7\" data-element_type=\"widget\" data-e-type=\"widget\" data-widget_type=\"text-editor.default\">\n\t\t\t\t<div class=\"elementor-widget-container\">\n\t\t\t\t\t\t\t\t\t<p class=\"article-summary\"><strong>Justice et Paix peut collaborer avec votre \u00e9cole sur un projet li\u00e9 aux enjeux des relations Nord-Sud.<\/strong><\/p><p>Vous \u00eates enseignant\u00b7e\u00b7s \u00e9ducateur\u00b7ice ou directeur\u00b7ice ? Votre \u00e9cole est d\u00e9sireuse de s\u2019investir dans un projet sur la solidarit\u00e9 internationale mais manque d\u2019outils pour le mener \u00e0 bien ? Ou a simplement envie d\u2019un accompagnement ? Justice et Paix vous propose de construire ensemble un projet qui vous correspond.<\/p>\t\t\t\t\t\t\t\t<\/div>\n\t\t\t\t<\/div>\n\t\t\t\t<div class=\"elementor-element elementor-element-fcee502 elementor-widget elementor-widget-image-gallery\" data-id=\"fcee502\" data-element_type=\"widget\" data-e-type=\"widget\" data-widget_type=\"image-gallery.default\">\n\t\t\t\t<div class=\"elementor-widget-container\">\n\t\t\t\t\t\t\t<div class=\"elementor-image-gallery\">\n\t\t\t<div id='gallery-1' class='gallery galleryid-17735 gallery-columns-2 gallery-size-medium'><figure class='gallery-item'>\n\t\t\t<div class='gallery-icon landscape'>\n\t\t\t\t<a data-elementor-open-lightbox=\"yes\" data-elementor-lightbox-slideshow=\"fcee502\" data-elementor-lightbox-title=\"capture_1-2.png\" data-e-action-hash=\"#elementor-action%3Aaction%3Dlightbox%26settings%3DeyJpZCI6MTM0NzIsInVybCI6Imh0dHBzOlwvXC93d3cuanVzdGljZXBhaXguYmVcL3dwLWNvbnRlbnRcL3VwbG9hZHNcLzIwMThcLzEwXC9wbmdfY2FwdHVyZV8xLTIucG5nIiwic2xpZGVzaG93IjoiZmNlZTUwMiJ9\" href='https:\/\/www.justicepaix.be\/wp-content\/uploads\/2018\/10\/png_capture_1-2.png'><img fetchpriority=\"high\" decoding=\"async\" width=\"300\" height=\"212\" src=\"https:\/\/www.justicepaix.be\/wp-content\/uploads\/2018\/10\/png_capture_1-2-300x212.png\" class=\"attachment-medium size-medium\" alt=\"capture_1-2.png\" srcset=\"https:\/\/www.justicepaix.be\/wp-content\/uploads\/2018\/10\/png_capture_1-2-300x212.png 300w, https:\/\/www.justicepaix.be\/wp-content\/uploads\/2018\/10\/png_capture_1-2-1024x722.png 1024w, https:\/\/www.justicepaix.be\/wp-content\/uploads\/2018\/10\/png_capture_1-2-768x542.png 768w, https:\/\/www.justicepaix.be\/wp-content\/uploads\/2018\/10\/png_capture_1-2.png 1289w\" sizes=\"(max-width: 300px) 100vw, 300px\" \/><\/a>\n\t\t\t<\/div><\/figure><figure class='gallery-item'>\n\t\t\t<div class='gallery-icon landscape'>\n\t\t\t\t<a data-elementor-open-lightbox=\"yes\" data-elementor-lightbox-slideshow=\"fcee502\" data-elementor-lightbox-title=\"capture_2-2.png\" data-e-action-hash=\"#elementor-action%3Aaction%3Dlightbox%26settings%3DeyJpZCI6MTM0NzMsInVybCI6Imh0dHBzOlwvXC93d3cuanVzdGljZXBhaXguYmVcL3dwLWNvbnRlbnRcL3VwbG9hZHNcLzIwMThcLzEwXC9wbmdfY2FwdHVyZV8yLTIucG5nIiwic2xpZGVzaG93IjoiZmNlZTUwMiJ9\" href='https:\/\/www.justicepaix.be\/wp-content\/uploads\/2018\/10\/png_capture_2-2.png'><img decoding=\"async\" width=\"300\" height=\"212\" src=\"https:\/\/www.justicepaix.be\/wp-content\/uploads\/2018\/10\/png_capture_2-2-300x212.png\" class=\"attachment-medium size-medium\" alt=\"capture_2-2.png\" srcset=\"https:\/\/www.justicepaix.be\/wp-content\/uploads\/2018\/10\/png_capture_2-2-300x212.png 300w, https:\/\/www.justicepaix.be\/wp-content\/uploads\/2018\/10\/png_capture_2-2-1024x725.png 1024w, https:\/\/www.justicepaix.be\/wp-content\/uploads\/2018\/10\/png_capture_2-2-768x544.png 768w, https:\/\/www.justicepaix.be\/wp-content\/uploads\/2018\/10\/png_capture_2-2.png 1287w\" sizes=\"(max-width: 300px) 100vw, 300px\" \/><\/a>\n\t\t\t<\/div><\/figure>\n\t\t<\/div>\n\t\t<\/div>\n\t\t\t\t\t\t<\/div>\n\t\t\t\t<\/div>\n\t\t\t\t<div class=\"elementor-element elementor-element-d2121b0 elementor-widget elementor-widget-text-editor\" data-id=\"d2121b0\" data-element_type=\"widget\" data-e-type=\"widget\" data-widget_type=\"text-editor.default\">\n\t\t\t\t<div class=\"elementor-widget-container\">\n\t\t\t\t\t\t\t\t\t<p><strong>Envie de recevoir notre newsletter p\u00e9dagogique?<\/strong><\/p>\t\t\t\t\t\t\t\t<\/div>\n\t\t\t\t<\/div>\n\t\t\t\t<div class=\"elementor-element elementor-element-60aed89 elementor-widget elementor-widget-wpforms\" data-id=\"60aed89\" data-element_type=\"widget\" data-e-type=\"widget\" data-widget_type=\"wpforms.default\">\n\t\t\t\t<div class=\"elementor-widget-container\">\n\t\t\t\t\t<div class=\"wpforms-container wpforms-container-full wpforms-render-modern\" id=\"wpforms-23468\"><form id=\"wpforms-form-23468\" class=\"wpforms-validate wpforms-form wpforms-ajax-form\" data-formid=\"23468\" method=\"post\" enctype=\"multipart\/form-data\" action=\"\/en\/wp-json\/wp\/v2\/pages\/17735\" data-token=\"a2cb3cab047f0dfd6421889e9e4b6a40\" data-token-time=\"1776096408\"><noscript class=\"wpforms-error-noscript\">Please enable JavaScript in your browser to complete this form.<\/noscript><div id=\"wpforms-error-noscript\" style=\"display: none;\">Please enable JavaScript in your browser to complete this form.<\/div><div class=\"wpforms-field-container\"><div id=\"wpforms-23468-field_1-container\" class=\"wpforms-field wpforms-field-name\" data-field-id=\"1\"><fieldset><legend class=\"wpforms-field-label\">Pr\u00e9nom - Nom <span class=\"wpforms-required-label\" aria-hidden=\"true\">*<\/span><\/legend><div class=\"wpforms-field-row wpforms-field-medium\"><div class=\"wpforms-field-row-block wpforms-first wpforms-one-half\"><input type=\"text\" id=\"wpforms-23468-field_1\" class=\"wpforms-field-name-first wpforms-field-required\" name=\"wpforms[fields][1][first]\" aria-errormessage=\"wpforms-23468-field_1-error\" required><label for=\"wpforms-23468-field_1\" class=\"wpforms-field-sublabel after\">First<\/label><\/div><div class=\"wpforms-field-row-block wpforms-one-half\"><input type=\"text\" id=\"wpforms-23468-field_1-last\" class=\"wpforms-field-name-last wpforms-field-required\" name=\"wpforms[fields][1][last]\" aria-errormessage=\"wpforms-23468-field_1-last-error\" required><label for=\"wpforms-23468-field_1-last\" class=\"wpforms-field-sublabel after\">Last<\/label><\/div><\/div><\/fieldset><\/div><div id=\"wpforms-23468-field_2-container\" class=\"wpforms-field wpforms-field-email\" data-field-id=\"2\"><label class=\"wpforms-field-label\" for=\"wpforms-23468-field_2\">Email <span class=\"wpforms-required-label\" aria-hidden=\"true\">*<\/span><\/label><input type=\"email\" id=\"wpforms-23468-field_2\" class=\"wpforms-field-medium wpforms-field-required\" name=\"wpforms[fields][2]\" spellcheck=\"false\" aria-errormessage=\"wpforms-23468-field_2-error\" required><\/div><div id=\"wpforms-23468-field_5-container\" class=\"wpforms-field wpforms-field-text\" data-field-id=\"5\"><label class=\"wpforms-field-label\" for=\"wpforms-23468-field_5\">\u00c9tablissement<\/label><input type=\"text\" id=\"wpforms-23468-field_5\" class=\"wpforms-field-medium\" name=\"wpforms[fields][5]\" aria-errormessage=\"wpforms-23468-field_5-error\" ><\/div><div id=\"wpforms-23468-field_7-container\" class=\"wpforms-field wpforms-field-text\" data-field-id=\"7\"><label class=\"wpforms-field-label\" for=\"wpforms-23468-field_7\">Fonction<\/label><input type=\"text\" id=\"wpforms-23468-field_7\" class=\"wpforms-field-medium\" name=\"wpforms[fields][7]\" aria-errormessage=\"wpforms-23468-field_7-error\" ><\/div><div id=\"wpforms-23468-field_6-container\" class=\"wpforms-field wpforms-field-text\" data-field-id=\"6\"><label class=\"wpforms-field-label\" for=\"wpforms-23468-field_6\">Mati\u00e8re enseign\u00e9e<\/label><input type=\"text\" id=\"wpforms-23468-field_6\" class=\"wpforms-field-medium\" name=\"wpforms[fields][6]\" aria-errormessage=\"wpforms-23468-field_6-error\" ><\/div><\/div><!-- .wpforms-field-container --><div class=\"wpforms-recaptcha-container wpforms-is-hcaptcha\" ><div class=\"h-captcha\" data-sitekey=\"713702ac-f379-46ab-849b-7bbfab7de861\"><\/div><input type=\"text\" name=\"g-recaptcha-hidden\" class=\"wpforms-recaptcha-hidden\" style=\"position:absolute!important;clip:rect(0,0,0,0)!important;height:1px!important;width:1px!important;border:0!important;overflow:hidden!important;padding:0!important;margin:0!important;\" data-rule-hcaptcha=\"1\"><\/div><div class=\"wpforms-submit-container\" ><input type=\"hidden\" name=\"wpforms[id]\" value=\"23468\"><input type=\"hidden\" name=\"page_title\" value=\"\"><input type=\"hidden\" name=\"page_url\" value=\"https:\/\/www.justicepaix.be\/en\/wp-json\/wp\/v2\/pages\/17735\"><input type=\"hidden\" name=\"url_referer\" value=\"\"><button type=\"submit\" name=\"wpforms[submit]\" id=\"wpforms-submit-23468\" class=\"wpforms-submit\" data-alt-text=\"Envoi...\" data-submit-text=\"Envoyer\" aria-live=\"assertive\" value=\"wpforms-submit\">Envoyer<\/button><img decoding=\"async\" src=\"https:\/\/www.justicepaix.be\/wp-content\/plugins\/wpforms\/assets\/images\/submit-spin.svg\" class=\"wpforms-submit-spinner\" style=\"display: none;\" width=\"26\" height=\"26\" alt=\"Loading\"><\/div><\/form><\/div>  <!-- .wpforms-container -->\t\t\t\t<\/div>\n\t\t\t\t<\/div>\n\t\t\t\t<\/div>\n\t\t<div class=\"elementor-element elementor-element-45e9dbe e-con-full e-flex e-con e-child\" data-id=\"45e9dbe\" data-element_type=\"container\" data-e-type=\"container\">\n\t\t\t\t<div class=\"elementor-element elementor-element-85c81f4 elementor-widget elementor-widget-text-editor\" data-id=\"85c81f4\" data-element_type=\"widget\" data-e-type=\"widget\" data-widget_type=\"text-editor.default\">\n\t\t\t\t<div class=\"elementor-widget-container\">\n\t\t\t\t\t\t\t\t\t<p>D\u00e8s le secondaire, il est int\u00e9ressant de se d\u00e9centrer et de regarder au-del\u00e0 des fronti\u00e8res de son pays. Au quotidien, tout ce que nous consommons nous rappelle que nous ne sommes pas seuls sur cette terre. V\u00eatements, GSM, ordinateurs, alimentation, \u2026 proviennent bien souvent de pays du Sud et sont rarement produits sans cons\u00e9quences pour les populations locales.<\/p><p>C\u2019est dans ce but que Justice et Paix propose aux \u00e9coles de les accompagner dans les projets qu\u2019elles souhaitent mener sur des th\u00e9matiques li\u00e9es \u00e0 la<strong> solidarit\u00e9 internationale<\/strong>. Forte de plusieurs ann\u00e9es d\u2019exp\u00e9riences en mati\u00e8re de projets d\u2019\u00e9cole, Justice et Paix propose de r\u00e9fl\u00e9chir ensemble et de co-construire un projet qui puisse avoir du sens dans votre contexte et renforcer les activit\u00e9s de citoyennet\u00e9 d\u00e9j\u00e0 men\u00e9es avec les \u00e9l\u00e8ves.<\/p><p>Depuis plusieurs ann\u00e9es, nous menons ces projets en collaboration avec <strong>Caritas International<\/strong> et la <strong>Croix Rouge<\/strong> de Belgique. Les th\u00e9matiques de chacune de nos organisations (migrations, conflits, droit international humanitaire, ressources naturelles) nous paraissent directement li\u00e9es et offrent une approche globale de certains enjeux actuels.<\/p><p>Pour plus d\u2019informations sur le projet, rendez-vous sur le site de\u00a0<a class=\"spip_out\" href=\"https:\/\/www.caritasinternational.be\/fr\/projects\/education\/projet-developpez-votre-projet-decole-avec-notre-soutien\/?fbclid=IwAR2TOsr6zv0T-pr6DTchUyjaMVSodRVzhLhEXVnfTce30-2TAOEEvTAvf3U\" rel=\"external\">Caritas International<\/a>.<\/p>\t\t\t\t\t\t\t\t<\/div>\n\t\t\t\t<\/div>\n\t\t\t\t<\/div>\n\t\t\t\t\t<\/div>\n\t\t\t\t<\/div>\n\t\t<div class=\"elementor-element elementor-element-60738f4 e-flex e-con-boxed e-con e-parent\" data-id=\"60738f4\" data-element_type=\"container\" data-e-type=\"container\" data-settings=\"{&quot;shape_divider_top&quot;:&quot;opacity-tilt&quot;}\">\n\t\t\t\t\t<div class=\"e-con-inner\">\n\t\t\t\t<div class=\"elementor-shape elementor-shape-top\" aria-hidden=\"true\" data-negative=\"false\">\n\t\t\t<svg xmlns=\"http:\/\/www.w3.org\/2000\/svg\" viewBox=\"0 0 2600 131.1\" preserveAspectRatio=\"none\">\n\t<path class=\"elementor-shape-fill\" d=\"M0 0L2600 0 2600 69.1 0 0z\"\/>\n\t<path class=\"elementor-shape-fill\" style=\"opacity:0.5\" d=\"M0 0L2600 0 2600 69.1 0 69.1z\"\/>\n\t<path class=\"elementor-shape-fill\" style=\"opacity:0.25\" d=\"M2600 0L0 0 0 130.1 2600 69.1z\"\/>\n<\/svg>\t\t<\/div>\n\t\t<div class=\"elementor-element elementor-element-56cac76 e-con-full e-flex e-con e-child\" data-id=\"56cac76\" data-element_type=\"container\" data-e-type=\"container\">\n\t\t\t\t<div class=\"elementor-element elementor-element-22d81e2 elementor-widget elementor-widget-heading\" data-id=\"22d81e2\" data-element_type=\"widget\" data-e-type=\"widget\" data-widget_type=\"heading.default\">\n\t\t\t\t<div class=\"elementor-widget-container\">\n\t\t\t\t\t<h2 class=\"elementor-heading-title elementor-size-default\">Contactez-nous !<\/h2>\t\t\t\t<\/div>\n\t\t\t\t<\/div>\n\t\t\t\t<div class=\"elementor-element elementor-element-bf165b9 elementor-widget elementor-widget-text-editor\" data-id=\"bf165b9\" data-element_type=\"widget\" data-e-type=\"widget\" data-widget_type=\"text-editor.default\">\n\t\t\t\t<div class=\"elementor-widget-container\">\n\t\t\t\t\t\t\t\t\t<p>Une animation vous int\u00e9resse ? Votre \u00e9cole ou votre organisation est d\u00e9sireuse de s\u2019investir dans un projet sur la solidarit\u00e9 internationale mais manque des outils pour le mener \u00e0 bien ? Ou a simplement envie d\u2019un accompagnement ?<\/p>\t\t\t\t\t\t\t\t<\/div>\n\t\t\t\t<\/div>\n\t\t<div class=\"elementor-element elementor-element-6c89479 e-flex e-con-boxed e-con e-child\" data-id=\"6c89479\" data-element_type=\"container\" data-e-type=\"container\">\n\t\t\t\t\t<div class=\"e-con-inner\">\n\t\t\t\t<div class=\"elementor-element elementor-element-91eb681 elementor-align-center elementor-widget__width-auto elementor-widget elementor-widget-button\" data-id=\"91eb681\" data-element_type=\"widget\" data-e-type=\"widget\" data-widget_type=\"button.default\">\n\t\t\t\t<div class=\"elementor-widget-container\">\n\t\t\t\t\t\t\t\t\t<div class=\"elementor-button-wrapper\">\n\t\t\t\t\t<a class=\"elementor-button elementor-button-link elementor-size-lg\" href=\"https:\/\/www.justicepaix.be\/nous-contacter\/\">\n\t\t\t\t\t\t<span class=\"elementor-button-content-wrapper\">\n\t\t\t\t\t\t<span class=\"elementor-button-icon\">\n\t\t\t\t<svg aria-hidden=\"true\" class=\"e-font-icon-svg e-fab-telegram-plane\" viewBox=\"0 0 448 512\" xmlns=\"http:\/\/www.w3.org\/2000\/svg\"><path d=\"M446.7 98.6l-67.6 318.8c-5.1 22.5-18.4 28.1-37.3 17.5l-103-75.9-49.7 47.8c-5.5 5.5-10.1 10.1-20.7 10.1l7.4-104.9 190.9-172.5c8.3-7.4-1.8-11.5-12.9-4.1L117.8 284 16.2 252.2c-22.1-6.9-22.5-22.1 4.6-32.7L418.2 66.4c18.4-6.9 34.5 4.1 28.5 32.2z\"><\/path><\/svg>\t\t\t<\/span>\n\t\t\t\t\t\t\t\t\t<span class=\"elementor-button-text\">Contact<\/span>\n\t\t\t\t\t<\/span>\n\t\t\t\t\t<\/a>\n\t\t\t\t<\/div>\n\t\t\t\t\t\t\t\t<\/div>\n\t\t\t\t<\/div>\n\t\t\t\t<div class=\"elementor-element elementor-element-f881470 elementor-align-center elementor-widget__width-auto elementor-mobile-align-center elementor-widget elementor-widget-button\" data-id=\"f881470\" data-element_type=\"widget\" data-e-type=\"widget\" data-widget_type=\"button.default\">\n\t\t\t\t<div class=\"elementor-widget-container\">\n\t\t\t\t\t\t\t\t\t<div class=\"elementor-button-wrapper\">\n\t\t\t\t\t<a class=\"elementor-button elementor-button-link elementor-size-lg\" href=\"#\">\n\t\t\t\t\t\t<span class=\"elementor-button-content-wrapper\">\n\t\t\t\t\t\t<span class=\"elementor-button-icon\">\n\t\t\t\t<svg aria-hidden=\"true\" class=\"e-font-icon-svg e-fas-phone-alt\" viewBox=\"0 0 512 512\" xmlns=\"http:\/\/www.w3.org\/2000\/svg\"><path d=\"M497.39 361.8l-112-48a24 24 0 0 0-28 6.9l-49.6 60.6A370.66 370.66 0 0 1 130.6 204.11l60.6-49.6a23.94 23.94 0 0 0 6.9-28l-48-112A24.16 24.16 0 0 0 122.6.61l-104 24A24 24 0 0 0 0 48c0 256.5 207.9 464 464 464a24 24 0 0 0 23.4-18.6l24-104a24.29 24.29 0 0 0-14.01-27.6z\"><\/path><\/svg>\t\t\t<\/span>\n\t\t\t\t\t\t\t\t\t<span class=\"elementor-button-text\">+32 (0) 2 896 95 00<\/span>\n\t\t\t\t\t<\/span>\n\t\t\t\t\t<\/a>\n\t\t\t\t<\/div>\n\t\t\t\t\t\t\t\t<\/div>\n\t\t\t\t<\/div>\n\t\t\t\t\t<\/div>\n\t\t\t\t<\/div>\n\t\t\t\t<\/div>\n\t\t\t\t\t<\/div>\n\t\t\t\t<\/div>\n\t\t\t\t<\/div>\n\t\t","protected":false},"excerpt":{"rendered":"<p>Conflits internationaux, ressources naturelles, m\u00e9moire, impunit\u00e9, indicateurs compl\u00e9mentaires, etc. sont autant de th\u00e8mes autour desquels nous vous proposons des animations. Si Justice et Paix vous y convie, la demande peut \u00e9galement venir de vous. Justice et Paix d\u00e9veloppe depuis des ann\u00e9es une expertise sur diff\u00e9rents sujets et souhaite la mettre \u00e0 votre service. L\u2019un de [&hellip;]<\/p>\n","protected":false},"author":1,"featured_media":0,"parent":17424,"menu_order":0,"comment_status":"closed","ping_status":"closed","template":"elementor_header_footer","meta":{"_acf_changed":false,"_seopress_robots_primary_cat":"","_seopress_titles_title":"","_seopress_titles_desc":"","_seopress_robots_index":"","footnotes":""},"class_list":["post-17735","page","type-page","status-publish","hentry"],"acf":[],"_links":{"self":[{"href":"https:\/\/www.justicepaix.be\/en\/wp-json\/wp\/v2\/pages\/17735","targetHints":{"allow":["GET"]}}],"collection":[{"href":"https:\/\/www.justicepaix.be\/en\/wp-json\/wp\/v2\/pages"}],"about":[{"href":"https:\/\/www.justicepaix.be\/en\/wp-json\/wp\/v2\/types\/page"}],"author":[{"embeddable":true,"href":"https:\/\/www.justicepaix.be\/en\/wp-json\/wp\/v2\/users\/1"}],"replies":[{"embeddable":true,"href":"https:\/\/www.justicepaix.be\/en\/wp-json\/wp\/v2\/comments?post=17735"}],"version-history":[{"count":0,"href":"https:\/\/www.justicepaix.be\/en\/wp-json\/wp\/v2\/pages\/17735\/revisions"}],"up":[{"embeddable":true,"href":"https:\/\/www.justicepaix.be\/en\/wp-json\/wp\/v2\/pages\/17424"}],"wp:attachment":[{"href":"https:\/\/www.justicepaix.be\/en\/wp-json\/wp\/v2\/media?parent=17735"}],"curies":[{"name":"wp","href":"https:\/\/api.w.org\/{rel}","templated":true}]}}