{"id":17688,"date":"2021-04-15T13:54:22","date_gmt":"2021-04-15T13:54:22","guid":{"rendered":"https:\/\/demop.netbaz.be\/2021\/jp\/?page_id=17688"},"modified":"2024-03-07T12:13:08","modified_gmt":"2024-03-07T11:13:08","slug":"civic-engagement-and-responsible-consumption-taking-concrete-action-in-your-daily-life","status":"publish","type":"page","link":"https:\/\/www.justicepaix.be\/en\/pistes-daction\/engagement-citoyen-et-consommation-responsable-agir-concretement-dans-sa-vie-quotidienne\/","title":{"rendered":"Citizen commitment and responsible consumption, taking concrete action in your daily life!"},"content":{"rendered":"<div data-elementor-type=\"wp-page\" data-elementor-id=\"17688\" class=\"elementor elementor-17688\" data-elementor-post-type=\"page\">\n\t\t\t\t<div data-dce-background-overlay-color=\"#000000\" data-dce-background-image-url=\"https:\/\/www.justicepaix.be\/wp-content\/uploads\/2021\/06\/activity-721-1-e1625554927856.jpg\" class=\"elementor-element elementor-element-138ab3e e-flex e-con-boxed e-con e-parent\" data-id=\"138ab3e\" data-element_type=\"container\" data-e-type=\"container\" data-settings=\"{&quot;background_background&quot;:&quot;classic&quot;,&quot;shape_divider_bottom&quot;:&quot;opacity-tilt&quot;}\">\n\t\t\t\t\t<div class=\"e-con-inner\">\n\t\t\t\t<div class=\"elementor-shape elementor-shape-bottom\" aria-hidden=\"true\" data-negative=\"false\">\n\t\t\t<svg xmlns=\"http:\/\/www.w3.org\/2000\/svg\" viewbox=\"0 0 2600 131.1\" preserveaspectratio=\"none\">\n\t<path class=\"elementor-shape-fill\" d=\"M0 0L2600 0 2600 69.1 0 0z\"\/>\n\t<path class=\"elementor-shape-fill\" style=\"opacity:0.5\" d=\"M0 0L2600 0 2600 69.1 0 69.1z\"\/>\n\t<path class=\"elementor-shape-fill\" style=\"opacity:0.25\" d=\"M2600 0L0 0 0 130.1 2600 69.1z\"\/>\n<\/svg>\t\t<\/div>\n\t\t<div class=\"elementor-element elementor-element-1c6402d e-con-full e-flex e-con e-child\" data-id=\"1c6402d\" data-element_type=\"container\" data-e-type=\"container\">\n\t\t\t\t<div data-dce-title-color=\"#FFFFFF\" class=\"elementor-element elementor-element-09bef60 elementor-widget elementor-widget-heading\" data-id=\"09bef60\" data-element_type=\"widget\" data-e-type=\"widget\" data-widget_type=\"heading.default\">\n\t\t\t\t<div class=\"elementor-widget-container\">\n\t\t\t\t\t<h1 class=\"elementor-heading-title elementor-size-default\">Citizen commitment and responsible consumption, taking concrete action in your daily life!<\/h1>\t\t\t\t<\/div>\n\t\t\t\t<\/div>\n\t\t\t\t<div class=\"elementor-element elementor-element-4b96ecb elementor-widget elementor-widget-text-editor\" data-id=\"4b96ecb\" data-element_type=\"widget\" data-e-type=\"widget\" data-widget_type=\"text-editor.default\">\n\t\t\t\t<div class=\"elementor-widget-container\">\n\t\t\t\t\t\t\t\t\t<p class=\"spip\">Many of you want to get involved alongside Justice &amp; Peace, Caritas and its partners for greater social justice and international solidarity.<br class=\"autobr\" \/>Good news ! There is no shortage of avenues for engagement. Discover our proposals<strong>concrete actions<\/strong>\u00a0for a\u00a0<strong>more responsible consumption<\/strong>.<\/p>\t\t\t\t\t\t\t\t<\/div>\n\t\t\t\t<\/div>\n\t\t\t\t<\/div>\n\t\t\t\t\t<\/div>\n\t\t\t\t<\/div>\n\t\t<div class=\"elementor-element elementor-element-ae5c19d e-flex e-con-boxed e-con e-parent\" data-id=\"ae5c19d\" data-element_type=\"container\" data-e-type=\"container\">\n\t\t\t\t\t<div class=\"e-con-inner\">\n\t\t<div class=\"elementor-element elementor-element-88ca9ed e-con-full e-flex e-con e-child\" data-id=\"88ca9ed\" data-element_type=\"container\" data-e-type=\"container\">\n\t\t\t\t<div data-dce-text-color=\"#3a3a3a\" data-dce-title-color=\"#1d1d1d\" class=\"elementor-element elementor-element-b4bfa72 elementor-widget elementor-widget-ucaddon_ue_unfold\" data-id=\"b4bfa72\" data-element_type=\"widget\" data-e-type=\"widget\" data-widget_type=\"ucaddon_ue_unfold.default\">\n\t\t\t\t<div class=\"elementor-widget-container\">\n\t\t\t\t\t\n<!-- start Unfold Content -->\n\t\t<link id='font-awesome-css' href='https:\/\/www.justicepaix.be\/wp-content\/plugins\/unlimited-elements-for-elementor-premium\/assets_libraries\/font-awesome6\/fontawesome-all.min.css' type='text\/css' rel='stylesheet' >\n\t\t<link id='font-awesome-4-shim-css' href='https:\/\/www.justicepaix.be\/wp-content\/plugins\/unlimited-elements-for-elementor-premium\/assets_libraries\/font-awesome6\/fontawesome-v4-shims.min.css' type='text\/css' rel='stylesheet' >\n\n<style>\/* widget: Unfold Content *\/\n\n#uc_ue_unfold_elementor_b4bfa72{\n opacity: 0;\n transition: opacity .2s;\n}\n\n#uc_ue_unfold_elementor_b4bfa72.ue-full-opacity{\n opacity: 1;\n}\n\n#uc_ue_unfold_elementor_b4bfa72 .unfold_wrapper{\n  max-height:100%;\n  width: 100%;\n}\n\n#uc_ue_unfold_elementor_b4bfa72 .unfold_card\n{\n  position: relative;\n  overflow:hidden;\n}\n\n#uc_ue_unfold_elementor_b4bfa72 .uf_overlayuc_ue_unfold_elementor_b4bfa72{\n    position: absolute;\n    right: 0;\n    bottom: 0;\n    left: 0;\n    z-index: 1;\n    background: -moz-linear-gradient(0deg, #ffffff) 10%, rgba(255, 255, 255, 0) 100%);\n    background: -webkit-linear-gradient(0deg, #ffffff 10%, rgba(255, 255, 255, 0) 100%);\n    background: linear-gradient(0deg, #ffffff 10%, rgba(255, 255, 255, 0) 100%);\n}\n\n#uc_ue_unfold_elementor_b4bfa72 .ue-btn-wrap{\n        display: flex;   \n    position:relative;\n  z-index:2;\n}\n\n#uc_ue_unfold_elementor_b4bfa72 #button_uc_ue_unfold_elementor_b4bfa72{\n    display: flex;\n    justify-content: center;\n    align-items: center;\n    cursor:pointer;\n    transition:0.3s;\n}\n\n.ue-btn-icon\n{\n  line-height:1em;\n}\n\n.ue-btn-icon svg\n{\n  height:1em;\n  width:1em;\n}\n\n#uc_ue_unfold_elementor_b4bfa72 .unfold_wrapper\n{\n  overflow:hidden;\n  transition:300ms;\n}\n\n#uf_overlayuc_ue_unfold_elementor_b4bfa72\n{\n  transition:300ms;\n}\n\n#uc_ue_unfold_elementor_b4bfa72 .unfold_wrapper.ue-unfold-active #uf_overlayuc_ue_unfold_elementor_b4bfa72\n{\n  height:0px;\n}\n\n#ue-icon-unfolded-uc_ue_unfold_elementor_b4bfa72\n{\n  display:none;\n}\n\n#ue-text-unfolded-uc_ue_unfold_elementor_b4bfa72\n{\n  display:none;\n}\n\n#uc_ue_unfold_elementor_b4bfa72  button\n{\n  outline:none;\n}\n\n<\/style>\n\n<div id=\"uc_ue_unfold_elementor_b4bfa72\" data-scroll-back=\"true\">\n<div class=\"unfold_card\">\n  <div class=\"unfold_wrapper\" id=\"unfold_wrapper_uc_ue_unfold_elementor_b4bfa72\">\n    <div class=\"uf_overlayuc_ue_unfold_elementor_b4bfa72 uf_overlay\" id=\"uf_overlayuc_ue_unfold_elementor_b4bfa72\"><\/div>\n              <h3 class=\"ue_unfold_title\"> As a consumer, what can I do? <\/h3>\n                    <div class=\"ue-txt\"><p><strong>Consume less <\/strong><\/p><p>\" <em>A chaque fois que vous d\u00e9pensez de l'argent, vous choisissez officiellement le monde dans lequel vous voulez vivre<\/em> \" Anna Lappe<\/p><ol><li>By taking the time to <strong>think before buying<\/strong> a new product. For example: do you really need to buy a new mobile phone if yours still works?<\/li><li>In<strong> extending the life of your products<\/strong> : taking good care of your phone, for example by protecting it and avoiding charging it overnight, can prevent breakdowns up to 40%; unscheduling unnecessary updates also saves battery life<\/li><li>In <strong>repairing<\/strong> : yourself, thanks to the warranty (generally two years) or a co-repair workshop such as Repair Caf\u00e9 (increasingly common)<\/li><\/ol><p><img fetchpriority=\"high\" decoding=\"async\" class=\"aligncenter size-full wp-image-15956\" src=\"http:\/\/demop.netbaz.be\/2021\/jp\/wp-content\/uploads\/2018\/12\/jpg_caddie-2.jpg\" alt=\"caddy-2.jpg\" width=\"860\" height=\"846\" align=\"center\" srcset=\"https:\/\/www.justicepaix.be\/wp-content\/uploads\/2018\/12\/jpg_caddie-2.jpg 860w, https:\/\/www.justicepaix.be\/wp-content\/uploads\/2018\/12\/jpg_caddie-2-300x295.jpg 300w, https:\/\/www.justicepaix.be\/wp-content\/uploads\/2018\/12\/jpg_caddie-2-768x755.jpg 768w\" sizes=\"(max-width: 860px) 100vw, 860px\" \/><\/p><p><strong>Consume better <\/strong><\/p><ol><li><strong>By buying second-hand<\/strong> (more ecological, because it avoids the production of new objects and often of higher quality, because it is an object which is resistant enough to have a second life): with Oxfam Solidarit\u00e9, Les Petits Riens and the Salvation Army for example, your purchases finance social actions.<\/li><li><strong>By informing yourself before purchasing<\/strong><br \/>-&gt; On electronics (for example, is it a sustainable model, such as the <a href=\"https:\/\/www.fairphone.com\/fr\/\">Fairphone<\/a> ?)<br \/>-&gt; On my electricity supplier ( <a href=\"https:\/\/monelectriciteverte.be\/#ranking\">supplier ranking<\/a> )<br \/>-&gt; On my bank&#039;s investment policy ( <a href=\"https:\/\/bankwijzer.be\/fr\">bank scan <\/a> )<\/li><\/ol><p><strong>Donate and recycle<\/strong><\/p><p><img decoding=\"async\" class=\"aligncenter size-full wp-image-15957\" src=\"http:\/\/demop.netbaz.be\/2021\/jp\/wp-content\/uploads\/2018\/12\/jpg_1_jksc5fampil_vaezpipvbw.jpg\" alt=\"1_jksc5fampil_vaezpipvbw.jpg\" width=\"635\" height=\"335\" align=\"center\" srcset=\"https:\/\/www.justicepaix.be\/wp-content\/uploads\/2018\/12\/jpg_1_jksc5fampil_vaezpipvbw.jpg 635w, https:\/\/www.justicepaix.be\/wp-content\/uploads\/2018\/12\/jpg_1_jksc5fampil_vaezpipvbw-300x158.jpg 300w\" sizes=\"(max-width: 635px) 100vw, 635px\" \/><br \/><em>Photo credit: medium.com<\/em><\/p><p>Before throwing away an item you no longer need, <strong>Think of<\/strong> THE <strong>give<\/strong> or to the <strong>to recycle<\/strong> !<br \/>Currently, more than 2.3 million mobile phones are unused and lying around in Belgians&#039; drawers. Given the unsustainable nature of the resources that compose them, donating, selling or recycling them thoughtfully is fundamental.<\/p><p>Here are some reliable tips:<br \/>~ <a href=\"https:\/\/etsionreparait.be\/\">What if we repaired <\/a><br \/>~ <a href=\"http:\/\/ressources.be\/\">Resources<\/a><br \/>~ <a href=\"https:\/\/www.oxfamsol.be\/fr\/gsm\">Oxfam solidarity<\/a><br \/>~ <a href=\"https:\/\/www.recupel.be\/nl\/\">Recycling<\/a><br \/>~ <a href=\"http:\/\/www.amisdelaterre.be\/obsolescence_programmee\/\">On planned obsolescence <\/a><br \/>~ <a href=\"https:\/\/www.convivial.be\/je-donne\/\">To give to refugees<\/a><\/p><\/div>\n        <\/div>\n    <div class=\"ue-btn-wrap\" id=\"btn_wrapper btn_wrapper_uc_ue_unfold_elementor_b4bfa72\"> \n     <div class=\"ubfold_btn\" id=\"button_uc_ue_unfold_elementor_b4bfa72\">\n                  <span class=\"ue-btn-icon\" id=\"ue-icon-folded-uc_ue_unfold_elementor_b4bfa72\"><i class='fas fa-arrow-down'><\/i><\/span>\n          <span class=\"ue-btn-icon\" id=\"ue-icon-unfolded-uc_ue_unfold_elementor_b4bfa72\"><i class='fas fa-angle-up'><\/i><\/span>\n                 <span id=\"ue-text-folded-uc_ue_unfold_elementor_b4bfa72\"><\/span>\n        <span id=\"ue-text-unfolded-uc_ue_unfold_elementor_b4bfa72\"><\/span>\n     <\/div>\n   <\/div>\n\t\n<\/div>\n\n<\/div>\n<!-- end Unfold Content -->\t\t\t\t<\/div>\n\t\t\t\t<\/div>\n\t\t\t\t<\/div>\n\t\t<div class=\"elementor-element elementor-element-2ec2934 e-con-full e-flex e-con e-child\" data-id=\"2ec2934\" data-element_type=\"container\" data-e-type=\"container\">\n\t\t\t\t<div data-dce-text-color=\"#3a3a3a\" data-dce-title-color=\"#1d1d1d\" class=\"elementor-element elementor-element-f81dd2a elementor-widget elementor-widget-ucaddon_ue_unfold\" data-id=\"f81dd2a\" data-element_type=\"widget\" data-e-type=\"widget\" data-widget_type=\"ucaddon_ue_unfold.default\">\n\t\t\t\t<div class=\"elementor-widget-container\">\n\t\t\t\t\t\n<!-- start Unfold Content -->\n\n<style>\/* widget: Unfold Content *\/\n\n#uc_ue_unfold_elementor_f81dd2a{\n opacity: 0;\n transition: opacity .2s;\n}\n\n#uc_ue_unfold_elementor_f81dd2a.ue-full-opacity{\n opacity: 1;\n}\n\n#uc_ue_unfold_elementor_f81dd2a .unfold_wrapper{\n  max-height:100%;\n  width: 100%;\n}\n\n#uc_ue_unfold_elementor_f81dd2a .unfold_card\n{\n  position: relative;\n  overflow:hidden;\n}\n\n#uc_ue_unfold_elementor_f81dd2a .uf_overlayuc_ue_unfold_elementor_f81dd2a{\n    position: absolute;\n    right: 0;\n    bottom: 0;\n    left: 0;\n    z-index: 1;\n    background: -moz-linear-gradient(0deg, #ffffff) 10%, rgba(255, 255, 255, 0) 100%);\n    background: -webkit-linear-gradient(0deg, #ffffff 10%, rgba(255, 255, 255, 0) 100%);\n    background: linear-gradient(0deg, #ffffff 10%, rgba(255, 255, 255, 0) 100%);\n}\n\n#uc_ue_unfold_elementor_f81dd2a .ue-btn-wrap{\n        display: flex;   \n    position:relative;\n  z-index:2;\n}\n\n#uc_ue_unfold_elementor_f81dd2a #button_uc_ue_unfold_elementor_f81dd2a{\n    display: flex;\n    justify-content: center;\n    align-items: center;\n    cursor:pointer;\n    transition:0.3s;\n}\n\n.ue-btn-icon\n{\n  line-height:1em;\n}\n\n.ue-btn-icon svg\n{\n  height:1em;\n  width:1em;\n}\n\n#uc_ue_unfold_elementor_f81dd2a .unfold_wrapper\n{\n  overflow:hidden;\n  transition:300ms;\n}\n\n#uf_overlayuc_ue_unfold_elementor_f81dd2a\n{\n  transition:300ms;\n}\n\n#uc_ue_unfold_elementor_f81dd2a .unfold_wrapper.ue-unfold-active #uf_overlayuc_ue_unfold_elementor_f81dd2a\n{\n  height:0px;\n}\n\n#ue-icon-unfolded-uc_ue_unfold_elementor_f81dd2a\n{\n  display:none;\n}\n\n#ue-text-unfolded-uc_ue_unfold_elementor_f81dd2a\n{\n  display:none;\n}\n\n#uc_ue_unfold_elementor_f81dd2a  button\n{\n  outline:none;\n}\n\n<\/style>\n\n<div id=\"uc_ue_unfold_elementor_f81dd2a\" data-scroll-back=\"true\">\n<div class=\"unfold_card\">\n  <div class=\"unfold_wrapper\" id=\"unfold_wrapper_uc_ue_unfold_elementor_f81dd2a\">\n    <div class=\"uf_overlayuc_ue_unfold_elementor_f81dd2a uf_overlay\" id=\"uf_overlayuc_ue_unfold_elementor_f81dd2a\"><\/div>\n              <h3 class=\"ue_unfold_title\"> My role to play as a citizen <\/h3>\n                    <div class=\"ue-txt\"><p>Inform &amp; raise awareness<\/p><ol><li>You are reading these few proposals because you are sensitive to the dignity of each human being. You find out about situations of injustice, close to home or further from our borders. It\u2019s already a commitment! Around you, many people are asking questions about these societal issues, linked to sustainable development, migration issues, etc. <strong>Enter into dialogue<\/strong> avec elles, apportez-leur des r\u00e9ponses, renseignez des sources d\u2019information fiables, des \u00e9v\u00e9nements et partagez vos propres moyens d\u2019action, \u00e0 la machine \u00e0 caf\u00e9 au bureau, en famille, \u00e0 l\u2019\u00e9cole... D\u00e9pourvu-e face \u00e0 certaines questions ? <a href=\"https:\/\/www.justicepaix.be\/en\/Contact-1\/\">Let us know<\/a>, we are happy to think about it with you!<\/li><\/ol><p>Roll up your sleeves<\/p><p><img decoding=\"async\" class=\"aligncenter size-full wp-image-15963\" src=\"http:\/\/demop.netbaz.be\/2021\/jp\/wp-content\/uploads\/2019\/01\/jpg_kyle-ellefson-196125-unsplash-scaled.jpg\" alt=\"kyle-ellefson-196125-unsplash.jpg\" width=\"2560\" height=\"1702\" align=\"center\" srcset=\"https:\/\/www.justicepaix.be\/wp-content\/uploads\/2019\/01\/jpg_kyle-ellefson-196125-unsplash-scaled.jpg 2560w, https:\/\/www.justicepaix.be\/wp-content\/uploads\/2019\/01\/jpg_kyle-ellefson-196125-unsplash-300x199.jpg 300w, https:\/\/www.justicepaix.be\/wp-content\/uploads\/2019\/01\/jpg_kyle-ellefson-196125-unsplash-1024x681.jpg 1024w, https:\/\/www.justicepaix.be\/wp-content\/uploads\/2019\/01\/jpg_kyle-ellefson-196125-unsplash-768x511.jpg 768w, https:\/\/www.justicepaix.be\/wp-content\/uploads\/2019\/01\/jpg_kyle-ellefson-196125-unsplash-1536x1021.jpg 1536w, https:\/\/www.justicepaix.be\/wp-content\/uploads\/2019\/01\/jpg_kyle-ellefson-196125-unsplash-2048x1362.jpg 2048w\" sizes=\"(max-width: 2560px) 100vw, 2560px\" \/><\/p><ol><li><strong>Engagement starts at your doorstep<\/strong>. At Justice &amp; Peace, Caritas or elsewhere, the possibilities of <a href=\"https:\/\/www.justicepaix.be\/en\/-Volontariat-\/\"> <strong>volunteering<\/strong> <\/a> do not miss. Dare to walk through the door of your neighborhood association, the nearest reception center, or on the cultural or sporting grounds... You have precious and contagious talents!<\/li><li><strong>Sensitive to the situation of migrants<\/strong> ? Did you know that you can support new arrivals in their first steps in Belgium, in the search for a job, accommodation, become a guardian for an unaccompanied foreign minor or even become a joint owner.<\/li><\/ol><p>Exercise your citizenship<\/p><ol><li><strong>Your voice counts<\/strong> ! <strong>Contact your local decision-makers<\/strong> on the topics that matter to you, in person, by mail or online. <strong>Sign and support petitions<\/strong>, such as the European Citizens&#039; Initiative for a <a href=\"https:\/\/ice.europehospitaliere.be\/\">hospitable Europe<\/a> or the campaign \u201c <a href=\"http:\/\/www.onnenfermepasunenfant.be\/\">You don&#039;t lock up a child. Point<\/a>. \u00bb Finally, demonstrate for the issues that are important to you.<\/li><\/ol><p>Int\u00e9ress\u00e9 d'en apprendre plus sur le ph\u00e9nom\u00e8ne migratoire \u00e0 l'approche des \u00e9lections ? Agathe Smyth, charg\u00e9e de plaidoyer chez Justice &amp; Paix, a consacr\u00e9 un article \u00e0 la th\u00e9matique : <a href=\"https:\/\/www.justicepaix.be\/en\/Cap-sur-les-elections-les-migrations-en-reflexion\/\">read here <\/a>.<\/p><ol><li>And then, of course, <strong>vote informed<\/strong>...and if you can&#039;t find the candidate who suits you: take the step yourself!<\/li><\/ol><p>Whatever you do, do it with heart. Ah yes, one more thing, we are very curious to hear YOUR ideas for engagement. <a href=\"https:\/\/www.justicepaix.be\/en\/Contact-1\/\">Write U.S<\/a> and tell us, we are curious to discover what actions you adopt on a daily basis!<\/p><\/div>\n        <\/div>\n    <div class=\"ue-btn-wrap\" id=\"btn_wrapper btn_wrapper_uc_ue_unfold_elementor_f81dd2a\"> \n     <div class=\"ubfold_btn\" id=\"button_uc_ue_unfold_elementor_f81dd2a\">\n                  <span class=\"ue-btn-icon\" id=\"ue-icon-folded-uc_ue_unfold_elementor_f81dd2a\"><i class='fas fa-arrow-down'><\/i><\/span>\n          <span class=\"ue-btn-icon\" id=\"ue-icon-unfolded-uc_ue_unfold_elementor_f81dd2a\"><i class='fas fa-angle-up'><\/i><\/span>\n                 <span id=\"ue-text-folded-uc_ue_unfold_elementor_f81dd2a\"><\/span>\n        <span id=\"ue-text-unfolded-uc_ue_unfold_elementor_f81dd2a\"><\/span>\n     <\/div>\n   <\/div>\n\t\n<\/div>\n\n<\/div>\n<!-- end Unfold Content -->\t\t\t\t<\/div>\n\t\t\t\t<\/div>\n\t\t\t\t<\/div>\n\t\t\t\t\t<\/div>\n\t\t\t\t<\/div>\n\t\t<div data-dce-background-color=\"#C8A137\" class=\"elementor-element elementor-element-397f3be e-flex e-con-boxed e-con e-parent\" data-id=\"397f3be\" data-element_type=\"container\" data-e-type=\"container\" data-settings=\"{&quot;background_background&quot;:&quot;classic&quot;,&quot;shape_divider_top&quot;:&quot;arrow&quot;}\">\n\t\t\t\t\t<div class=\"e-con-inner\">\n\t\t\t\t<div class=\"elementor-shape elementor-shape-top\" aria-hidden=\"true\" data-negative=\"false\">\n\t\t\t<svg xmlns=\"http:\/\/www.w3.org\/2000\/svg\" viewbox=\"0 0 700 10\" preserveaspectratio=\"none\">\n\t<path class=\"elementor-shape-fill\" d=\"M350,10L340,0h20L350,10z\"\/>\n<\/svg>\t\t<\/div>\n\t\t<div class=\"elementor-element elementor-element-ec2c62c e-con-full e-flex e-con e-child\" data-id=\"ec2c62c\" data-element_type=\"container\" data-e-type=\"container\">\n\t\t\t\t<div class=\"elementor-element elementor-element-651bef6 elementor-widget elementor-widget-heading\" data-id=\"651bef6\" data-element_type=\"widget\" data-e-type=\"widget\" data-widget_type=\"heading.default\">\n\t\t\t\t<div class=\"elementor-widget-container\">\n\t\t\t\t\t<h3 class=\"elementor-heading-title elementor-size-default\">Get involved with us!<\/h3>\t\t\t\t<\/div>\n\t\t\t\t<\/div>\n\t\t\t\t<\/div>\n\t\t<div class=\"elementor-element elementor-element-bf25e26 e-con-full e-flex e-con e-child\" data-id=\"bf25e26\" data-element_type=\"container\" data-e-type=\"container\">\n\t\t\t\t<div data-dce-background-color=\"#025683\" class=\"elementor-element elementor-element-a6b2e4f elementor-align-right elementor-mobile-align-center elementor-widget elementor-widget-button\" data-id=\"a6b2e4f\" data-element_type=\"widget\" data-e-type=\"widget\" data-widget_type=\"button.default\">\n\t\t\t\t<div class=\"elementor-widget-container\">\n\t\t\t\t\t\t\t\t\t<div class=\"elementor-button-wrapper\">\n\t\t\t\t\t<a class=\"elementor-button elementor-button-link elementor-size-lg elementor-animation-shrink\" href=\"https:\/\/www.justicepaix.be\/en\/volunteering\/\">\n\t\t\t\t\t\t<span class=\"elementor-button-content-wrapper\">\n\t\t\t\t\t\t<span class=\"elementor-button-icon\">\n\t\t\t\t<svg aria-hidden=\"true\" class=\"e-font-icon-svg e-fas-hands-helping\" viewbox=\"0 0 640 512\" xmlns=\"http:\/\/www.w3.org\/2000\/svg\"><path d=\"M488 192H336v56c0 39.7-32.3 72-72 72s-72-32.3-72-72V126.4l-64.9 39C107.8 176.9 96 197.8 96 220.2v47.3l-80 46.2C.7 322.5-4.6 342.1 4.3 357.4l80 138.6c8.8 15.3 28.4 20.5 43.7 11.7L231.4 448H368c35.3 0 64-28.7 64-64h16c17.7 0 32-14.3 32-32v-64h8c13.3 0 24-10.7 24-24v-48c0-13.3-10.7-24-24-24zm147.7-37.4L555.7 16C546.9.7 527.3-4.5 512 4.3L408.6 64H306.4c-12 0-23.7 3.4-33.9 9.7L239 94.6c-9.4 5.8-15 16.1-15 27.1V248c0 22.1 17.9 40 40 40s40-17.9 40-40v-88h184c30.9 0 56 25.1 56 56v28.5l80-46.2c15.3-8.9 20.5-28.4 11.7-43.7z\"><\/path><\/svg>\t\t\t<\/span>\n\t\t\t\t\t\t\t\t\t<span class=\"elementor-button-text\">I&#039;m in<\/span>\n\t\t\t\t\t<\/span>\n\t\t\t\t\t<\/a>\n\t\t\t\t<\/div>\n\t\t\t\t\t\t\t\t<\/div>\n\t\t\t\t<\/div>\n\t\t\t\t<\/div>\n\t\t\t\t\t<\/div>\n\t\t\t\t<\/div>\n\t\t\t\t<\/div>","protected":false},"excerpt":{"rendered":"<p>Vous \u00eates nombreux \u00e0 vouloir vous engager aux c\u00f4t\u00e9s de Justice &amp; Paix, Caritas et ses partenaires pour plus de justice sociale et de solidarit\u00e9 internationale.Bonne nouvelle\u00a0! Les pistes d\u2019engagement ne manquent pas. D\u00e9couvrez nos propositions d\u2019actions concr\u00e8tes\u00a0pour une\u00a0consommation plus responsable. En tant que consommateur, que puis-je faire ? Consommer moins \u00a0\u00bb A chaque fois [&hellip;]<\/p>\n","protected":false},"author":1,"featured_media":17985,"parent":17686,"menu_order":1,"comment_status":"closed","ping_status":"closed","template":"elementor_header_footer","meta":{"_acf_changed":false,"_seopress_robots_primary_cat":"","_seopress_titles_title":"","_seopress_titles_desc":"","_seopress_robots_index":"","footnotes":""},"class_list":["post-17688","page","type-page","status-publish","has-post-thumbnail","hentry"],"acf":[],"_links":{"self":[{"href":"https:\/\/www.justicepaix.be\/en\/wp-json\/wp\/v2\/pages\/17688","targetHints":{"allow":["GET"]}}],"collection":[{"href":"https:\/\/www.justicepaix.be\/en\/wp-json\/wp\/v2\/pages"}],"about":[{"href":"https:\/\/www.justicepaix.be\/en\/wp-json\/wp\/v2\/types\/page"}],"author":[{"embeddable":true,"href":"https:\/\/www.justicepaix.be\/en\/wp-json\/wp\/v2\/users\/1"}],"replies":[{"embeddable":true,"href":"https:\/\/www.justicepaix.be\/en\/wp-json\/wp\/v2\/comments?post=17688"}],"version-history":[{"count":0,"href":"https:\/\/www.justicepaix.be\/en\/wp-json\/wp\/v2\/pages\/17688\/revisions"}],"up":[{"embeddable":true,"href":"https:\/\/www.justicepaix.be\/en\/wp-json\/wp\/v2\/pages\/17686"}],"wp:featuredmedia":[{"embeddable":true,"href":"https:\/\/www.justicepaix.be\/en\/wp-json\/wp\/v2\/media\/17985"}],"wp:attachment":[{"href":"https:\/\/www.justicepaix.be\/en\/wp-json\/wp\/v2\/media?parent=17688"}],"curies":[{"name":"wp","href":"https:\/\/api.w.org\/{rel}","templated":true}]}}