{"id":17686,"date":"2021-04-15T13:53:26","date_gmt":"2021-04-15T13:53:26","guid":{"rendered":"https:\/\/demop.netbaz.be\/2021\/jp\/?page_id=17686"},"modified":"2024-03-07T21:23:33","modified_gmt":"2024-03-07T20:23:33","slug":"courses-of-action","status":"publish","type":"page","link":"https:\/\/www.justicepaix.be\/en\/pistes-daction\/","title":{"rendered":"Courses of action"},"content":{"rendered":"<div data-elementor-type=\"wp-page\" data-elementor-id=\"17686\" class=\"elementor elementor-17686\" data-elementor-post-type=\"page\">\n\t\t\t\t<div data-dce-background-overlay-color=\"#000000\" data-dce-background-image-url=\"http:\/\/demop.netbaz.be\/2021\/jp\/wp-content\/uploads\/2021\/04\/4hmet7vytaq.jpg\" class=\"elementor-element elementor-element-9311133 e-flex e-con-boxed e-con e-parent\" data-id=\"9311133\" data-element_type=\"container\" data-e-type=\"container\" data-settings=\"{&quot;background_background&quot;:&quot;classic&quot;,&quot;shape_divider_bottom&quot;:&quot;opacity-tilt&quot;}\">\n\t\t\t\t\t<div class=\"e-con-inner\">\n\t\t\t\t<div class=\"elementor-shape elementor-shape-bottom\" aria-hidden=\"true\" data-negative=\"false\">\n\t\t\t<svg xmlns=\"http:\/\/www.w3.org\/2000\/svg\" viewbox=\"0 0 2600 131.1\" preserveaspectratio=\"none\">\n\t<path class=\"elementor-shape-fill\" d=\"M0 0L2600 0 2600 69.1 0 0z\"\/>\n\t<path class=\"elementor-shape-fill\" style=\"opacity:0.5\" d=\"M0 0L2600 0 2600 69.1 0 69.1z\"\/>\n\t<path class=\"elementor-shape-fill\" style=\"opacity:0.25\" d=\"M2600 0L0 0 0 130.1 2600 69.1z\"\/>\n<\/svg>\t\t<\/div>\n\t\t<div class=\"elementor-element elementor-element-bc34fc6 e-con-full e-flex e-con e-child\" data-id=\"bc34fc6\" data-element_type=\"container\" data-e-type=\"container\">\n\t\t\t\t<div class=\"elementor-element elementor-element-ed26598 elementor-widget elementor-widget-heading\" data-id=\"ed26598\" data-element_type=\"widget\" data-e-type=\"widget\" data-widget_type=\"heading.default\">\n\t\t\t\t<div class=\"elementor-widget-container\">\n\t\t\t\t\t<h1 class=\"elementor-heading-title elementor-size-default\">Courses of action<\/h1>\t\t\t\t<\/div>\n\t\t\t\t<\/div>\n\t\t\t\t<\/div>\n\t\t\t\t\t<\/div>\n\t\t\t\t<\/div>\n\t\t<div class=\"elementor-element elementor-element-7fdb4cd e-flex e-con-boxed e-con e-parent\" data-id=\"7fdb4cd\" data-element_type=\"container\" data-e-type=\"container\">\n\t\t\t\t\t<div class=\"e-con-inner\">\n\t\t<div class=\"elementor-element elementor-element-90430f1 e-con-full e-flex e-con e-child\" data-id=\"90430f1\" data-element_type=\"container\" data-e-type=\"container\">\n\t\t\t\t<div data-dce-text-color=\"#636363\" data-dce-title-color=\"#000000\" class=\"elementor-element elementor-element-af6f728 elementor-widget elementor-widget-ucaddon_post_grid\" data-id=\"af6f728\" data-element_type=\"widget\" data-e-type=\"widget\" data-widget_type=\"ucaddon_post_grid.default\">\n\t\t\t\t<div class=\"elementor-widget-container\">\n\t\t\t\t\t\n<!-- start Post Grid -->\n\t\t<link id='font-awesome-css' href='https:\/\/www.justicepaix.be\/wp-content\/plugins\/unlimited-elements-for-elementor-premium\/assets_libraries\/font-awesome6\/fontawesome-all.min.css' type='text\/css' rel='stylesheet' >\n\t\t<link id='font-awesome-4-shim-css' href='https:\/\/www.justicepaix.be\/wp-content\/plugins\/unlimited-elements-for-elementor-premium\/assets_libraries\/font-awesome6\/fontawesome-v4-shims.min.css' type='text\/css' rel='stylesheet' >\n\n<style>\/* widget: Post Grid *\/\n\n\n\n#uc_post_grid_elementor_af6f728.uc_post_grid_style_one .uc_post_grid_style_one_wrap {\n   display:grid;\n}\n\n\n#uc_post_grid_elementor_af6f728 .uc_post_grid_style_one_item\n{\n  position:relative;\n}\n\n#uc_post_grid_elementor_af6f728 .uc_post_image\n{\n  transition:0.3s;\n  position:relative;\n  overflow:hidden;\n}\n\n#uc_post_grid_elementor_af6f728 .uc_post_image img\n{\n  width:100%;\n  display:block;\n  transition:0.3s;\n}\n\n\n\t\n\n\n\n\n\n\n#uc_post_grid_elementor_af6f728 .uc_post_image_overlay\n{\n  position:absolute;\n  top:0px;\n  left:0px;\n  height:100%;\n  width:100%;\n  transition:0.3s;\n}\n\n#uc_post_grid_elementor_af6f728 .uc_more_btn-custom-field\n{\n  display:inline-block;\n  text-align:center;\n  text-decoration:none;\n  transition:0.3s;\n}\n\n#uc_post_grid_elementor_af6f728 .uc_more_btn\n{\n  display:inline-block;\n  text-align:center;\n  text-decoration:none;\n  transition:0.3s;\n}\n\n.ue-grid-item-category a\n{\n  display:inline-block;\n  font-size:10px;\n  position: relative;\n  z-index: 1;\n}\n.uc_post_title\n{\n  font-size:21px;\n}\n\n\n\n#uc_post_grid_elementor_af6f728 .ue_post_grid_item\n{\n  display:flex;\n  flex-direction:column;\n}\n\n#uc_post_grid_elementor_af6f728.uc_post_grid_style_one .uc_content{\n flex-grow:1;\n}\n\n#uc_post_grid_elementor_af6f728.uc_post_grid_style_one .uc_content > div\n{\n  height:100%;\n  display:flex;\n  flex-direction:column;\n  }\n\n  \n\n\n\n\n\n\n\n\n\n\n\n\n\n\n\n\n\n\n\n\n\n\n#uc_post_grid_elementor_af6f728 .ue-meta-data\n{\n  \n  display:flex;\n\n  flex-wrap: wrap;\n  line-height:1em;\n}\n\n#uc_post_grid_elementor_af6f728 .ue-grid-item-meta-data\n{\n      display:inline-flex;\n      align-items:center;\n}\n\n#uc_post_grid_elementor_af6f728 .ue-grid-item-meta-data a{\n  color:inherit;\n}\n\n.ue-grid-item-meta-data\n{\n  font-size:12px;\n}\n\n#uc_post_grid_elementor_af6f728 .ue-grid-item-meta-data-icon\n{\n  line-height:1em;\n}\n\n#uc_post_grid_elementor_af6f728 .ue-grid-item-meta-data-icon svg\n{\n  width:1em;\n  height:1em;\n}\n\n#uc_post_grid_elementor_af6f728 .ue-debug-meta\n{\n  padding:10px;\n  border:1px solid red;\n  position:relative;\n  line-height:1.5em;\n  font-size:11px;\n  width:100%;\n}\n\n#uc_post_grid_elementor_af6f728 .uc_btn_inner\n{\n  display:inline-flex;\n  align-items:center;\n}\n\n#uc_post_grid_elementor_af6f728 .uc_btn_inner svg\n{\n  width:1em;\n  height:1em;\n}\n\n\n\n\n\n\n\n<\/style>\n\n<div class=\"uc_post_grid_style_one uc-filterable-grid\" id=\"uc_post_grid_elementor_af6f728\"  data-ajax='true'  data-filterbehave='ajax'  querydata='{&quot;count_posts&quot;:3,&quot;total_posts&quot;:3,&quot;page&quot;:1,&quot;num_pages&quot;:1}' >\n\t\t<div class=\"uc_post_grid_style_one_wrap ue_post_grid uc-items-wrapper\">\n\t\t\t\n\n\n\n<div id=\"uc_post_grid_elementor_af6f728_item1\" class=\"uc_post_grid_style_one_item ue_post_grid_item ue-item\">\n  \n      <a class=\"uc_post_grid_style_one_image\" href='https:\/\/www.justicepaix.be\/en\/pistes-daction\/alternatives-en-amerique-latine\/' target=\"_self\">\n     <div class=\"uc_post_image\">\n       <img loading=\"lazy\" decoding=\"async\" src=\"https:\/\/www.justicepaix.be\/wp-content\/uploads\/2021\/03\/azjw7xi3qaa-scaled-1-768x384.jpg\"  alt=\"azjw7xi3qaa-scaled\" width=\"768\" height=\"384\">\n       <div class=\"uc_post_image_overlay\"><\/div>\n     <\/div>\n    <\/a>\n   \n  <div class=\"uc_content\">\n    <div class=\"uc_content_inner\">\n      <div class=\"uc_content-info-wrapper\" >\n        \n                 \n        \t        \t\t      \t\t        \n        \t<div class=\"ue-grid-item-category\">\n                      \t<\/div>        \n      \n              \n\n            \t\t      \t\t\t<div class=\"uc_post_title\"><a class=\"\" href='https:\/\/www.justicepaix.be\/en\/pistes-daction\/alternatives-en-amerique-latine\/' target=\"_self\"><div class=\"ue_p_title\">Alternatives in Latin America<\/div><\/a><\/div>\n      \t\t      \t\n                      \n       \n        <div class=\"ue-meta-data\">\n            \n            \n                \n        \n\t\n                \n                \n                \n                \n    \t\t\t\n      \n            \n  <\/div>\t\n      \t<div class=\"uc_post_text\">R\u00c9-IMAGINONS NOS\u00c9CONOMIES, NOS SOCI\u00c9T\u00c9S,NOS MODES DE VIE.\nFace aux multiples crises actuelles, un changement...<\/div>\n     \n                 \n                            \n                                  \n     <\/div>                      \n                           \n \t<\/div>  <\/div>      \n        \n<\/div>\n\n\n\n\n<div id=\"uc_post_grid_elementor_af6f728_item2\" class=\"uc_post_grid_style_one_item ue_post_grid_item ue-item\">\n  \n      <a class=\"uc_post_grid_style_one_image\" href='https:\/\/www.justicepaix.be\/en\/pistes-daction\/engagement-citoyen-et-consommation-responsable-agir-concretement-dans-sa-vie-quotidienne\/' target=\"_self\">\n     <div class=\"uc_post_image\">\n       <img loading=\"lazy\" decoding=\"async\" src=\"https:\/\/www.justicepaix.be\/wp-content\/uploads\/2021\/06\/activity-721-1-e1624553294656-768x370.jpg\"  alt=\"activity-721-1\" width=\"768\" height=\"370\">\n       <div class=\"uc_post_image_overlay\"><\/div>\n     <\/div>\n    <\/a>\n   \n  <div class=\"uc_content\">\n    <div class=\"uc_content_inner\">\n      <div class=\"uc_content-info-wrapper\" >\n        \n                 \n        \t        \t\t      \t\t        \n        \t<div class=\"ue-grid-item-category\">\n                      \t<\/div>        \n      \n              \n\n            \t\t      \t\t\t<div class=\"uc_post_title\"><a class=\"\" href='https:\/\/www.justicepaix.be\/en\/pistes-daction\/engagement-citoyen-et-consommation-responsable-agir-concretement-dans-sa-vie-quotidienne\/' target=\"_self\"><div class=\"ue_p_title\">Citizen commitment and responsible consumption, taking concrete action in your daily life!<\/div><\/a><\/div>\n      \t\t      \t\n                      \n       \n        <div class=\"ue-meta-data\">\n            \n            \n                \n        \n\t\n                \n                \n                \n                \n    \t\t\t\n      \n            \n  <\/div>\t\n      \t<div class=\"uc_post_text\">Vous \u00eates nombreux \u00e0 vouloir vous engager aux c\u00f4t\u00e9s de Justice &amp; Paix, Caritas et ses partenaires...<\/div>\n     \n                 \n                            \n                                  \n     <\/div>                      \n                           \n \t<\/div>  <\/div>      \n        \n<\/div>\n\n\n\n\n<div id=\"uc_post_grid_elementor_af6f728_item3\" class=\"uc_post_grid_style_one_item ue_post_grid_item ue-item\">\n  \n      <a class=\"uc_post_grid_style_one_image\" href='https:\/\/www.justicepaix.be\/en\/pistes-daction\/pour-une-migration-solidaire\/' target=\"_self\">\n     <div class=\"uc_post_image\">\n       <img loading=\"lazy\" decoding=\"async\" src=\"https:\/\/www.justicepaix.be\/wp-content\/uploads\/2021\/07\/IMG_3870-1-768x512.jpg\"  alt=\"IMG_3870\" width=\"768\" height=\"512\">\n       <div class=\"uc_post_image_overlay\"><\/div>\n     <\/div>\n    <\/a>\n   \n  <div class=\"uc_content\">\n    <div class=\"uc_content_inner\">\n      <div class=\"uc_content-info-wrapper\" >\n        \n                 \n        \t        \t\t      \t\t        \n        \t<div class=\"ue-grid-item-category\">\n                      \t<\/div>        \n      \n              \n\n            \t\t      \t\t\t<div class=\"uc_post_title\"><a class=\"\" href='https:\/\/www.justicepaix.be\/en\/pistes-daction\/pour-une-migration-solidaire\/' target=\"_self\"><div class=\"ue_p_title\">For a united migration!<\/div><\/a><\/div>\n      \t\t      \t\n                      \n       \n        <div class=\"ue-meta-data\">\n            \n            \n                \n        \n\t\n                \n                \n                \n                \n    \t\t\t\n      \n            \n  <\/div>\t\n      \t<div class=\"uc_post_text\">Pour une migration solidaire !\n            \t\t      \t\t\tInterpellez vos futurs \u00e9lus !\n      \tJustice &amp;...<\/div>\n     \n                 \n                            \n                                  \n     <\/div>                      \n                           \n \t<\/div>  <\/div>      \n        \n<\/div>\n\n\t\t<\/div>\n\t<\/div>\n\n\n\n  <div id=\"uc_post_grid_elementor_af6f728_empty_message\" class=\"ue-no-posts-found\"  style=\"display:none\" >No posts found<\/div>\n\n\n<!-- end Post Grid -->\t\t\t\t<\/div>\n\t\t\t\t<\/div>\n\t\t\t\t<\/div>\n\t\t\t\t\t<\/div>\n\t\t\t\t<\/div>\n\t\t\t\t<\/div>","protected":false},"excerpt":{"rendered":"<p>Alternatives en Am\u00e9rique latine R\u00c9-IMAGINONS NOS\u00c9CONOMIES, NOS SOCI\u00c9T\u00c9S,NOS MODES DE VIE. Face aux multiples crises actuelles, un changement&#8230; Engagement citoyen et consommation responsable, agir concr\u00e8tement dans sa vie quotidienne ! Vous \u00eates nombreux \u00e0 vouloir vous engager aux c\u00f4t\u00e9s de Justice &amp; Paix, Caritas et ses partenaires&#8230; Pour une migration solidaire ! Pour une migration [&hellip;]<\/p>\n","protected":false},"author":1,"featured_media":0,"parent":0,"menu_order":36,"comment_status":"closed","ping_status":"closed","template":"elementor_header_footer","meta":{"_acf_changed":false,"_seopress_robots_primary_cat":"","_seopress_titles_title":"","_seopress_titles_desc":"","_seopress_robots_index":"","footnotes":""},"class_list":["post-17686","page","type-page","status-publish","hentry"],"acf":[],"_links":{"self":[{"href":"https:\/\/www.justicepaix.be\/en\/wp-json\/wp\/v2\/pages\/17686","targetHints":{"allow":["GET"]}}],"collection":[{"href":"https:\/\/www.justicepaix.be\/en\/wp-json\/wp\/v2\/pages"}],"about":[{"href":"https:\/\/www.justicepaix.be\/en\/wp-json\/wp\/v2\/types\/page"}],"author":[{"embeddable":true,"href":"https:\/\/www.justicepaix.be\/en\/wp-json\/wp\/v2\/users\/1"}],"replies":[{"embeddable":true,"href":"https:\/\/www.justicepaix.be\/en\/wp-json\/wp\/v2\/comments?post=17686"}],"version-history":[{"count":3,"href":"https:\/\/www.justicepaix.be\/en\/wp-json\/wp\/v2\/pages\/17686\/revisions"}],"predecessor-version":[{"id":27124,"href":"https:\/\/www.justicepaix.be\/en\/wp-json\/wp\/v2\/pages\/17686\/revisions\/27124"}],"wp:attachment":[{"href":"https:\/\/www.justicepaix.be\/en\/wp-json\/wp\/v2\/media?parent=17686"}],"curies":[{"name":"wp","href":"https:\/\/api.w.org\/{rel}","templated":true}]}}