{"id":17674,"date":"2021-04-15T13:41:00","date_gmt":"2021-04-15T13:41:00","guid":{"rendered":"https:\/\/demop.netbaz.be\/2021\/jp\/?page_id=17674"},"modified":"2025-07-02T11:00:11","modified_gmt":"2025-07-02T09:00:11","slug":"jobs-and-internships","status":"publish","type":"page","link":"https:\/\/www.justicepaix.be\/en\/emplois-et-stages\/","title":{"rendered":"Jobs and Internships"},"content":{"rendered":"\t\t<div data-elementor-type=\"wp-page\" data-elementor-id=\"17674\" class=\"elementor elementor-17674\" data-elementor-post-type=\"page\">\n\t\t\t\t<div data-dce-background-overlay-color=\"#000000\" data-dce-background-image-url=\"https:\/\/www.justicepaix.be\/wp-content\/uploads\/2025\/06\/PXL_20250610_100637370-e1749715956361.jpg\" class=\"elementor-element elementor-element-aebe535 e-flex e-con-boxed e-con e-parent\" data-id=\"aebe535\" data-element_type=\"container\" data-e-type=\"container\" data-settings=\"{&quot;background_background&quot;:&quot;classic&quot;,&quot;shape_divider_bottom&quot;:&quot;opacity-tilt&quot;}\">\n\t\t\t\t\t<div class=\"e-con-inner\">\n\t\t\t\t<div class=\"elementor-shape elementor-shape-bottom\" aria-hidden=\"true\" data-negative=\"false\">\n\t\t\t<svg xmlns=\"http:\/\/www.w3.org\/2000\/svg\" viewBox=\"0 0 2600 131.1\" preserveAspectRatio=\"none\">\n\t<path class=\"elementor-shape-fill\" d=\"M0 0L2600 0 2600 69.1 0 0z\"\/>\n\t<path class=\"elementor-shape-fill\" style=\"opacity:0.5\" d=\"M0 0L2600 0 2600 69.1 0 69.1z\"\/>\n\t<path class=\"elementor-shape-fill\" style=\"opacity:0.25\" d=\"M2600 0L0 0 0 130.1 2600 69.1z\"\/>\n<\/svg>\t\t<\/div>\n\t\t<div class=\"elementor-element elementor-element-dddf3e7 e-con-full e-flex e-con e-child\" data-id=\"dddf3e7\" data-element_type=\"container\" data-e-type=\"container\">\n\t\t\t\t<div class=\"elementor-element elementor-element-8b4737f elementor-widget elementor-widget-heading\" data-id=\"8b4737f\" data-element_type=\"widget\" data-e-type=\"widget\" data-widget_type=\"heading.default\">\n\t\t\t\t<div class=\"elementor-widget-container\">\n\t\t\t\t\t<h1 class=\"elementor-heading-title elementor-size-default\">Emplois et Stages<\/h1>\t\t\t\t<\/div>\n\t\t\t\t<\/div>\n\t\t\t\t<\/div>\n\t\t\t\t\t<\/div>\n\t\t\t\t<\/div>\n\t\t<div class=\"elementor-element elementor-element-4167cc2 e-flex e-con-boxed e-con e-parent\" data-id=\"4167cc2\" data-element_type=\"container\" data-e-type=\"container\">\n\t\t\t\t\t<div class=\"e-con-inner\">\n\t\t<div class=\"elementor-element elementor-element-5c89dd2 e-con-full e-flex e-con e-child\" data-id=\"5c89dd2\" data-element_type=\"container\" data-e-type=\"container\">\n\t\t\t\t<div class=\"elementor-element elementor-element-f47771d elementor-widget elementor-widget-spacer\" data-id=\"f47771d\" data-element_type=\"widget\" data-e-type=\"widget\" data-widget_type=\"spacer.default\">\n\t\t\t\t<div class=\"elementor-widget-container\">\n\t\t\t\t\t\t\t<div class=\"elementor-spacer\">\n\t\t\t<div class=\"elementor-spacer-inner\"><\/div>\n\t\t<\/div>\n\t\t\t\t\t\t<\/div>\n\t\t\t\t<\/div>\n\t\t\t\t<div class=\"elementor-element elementor-element-8a54944 elementor-widget elementor-widget-text-editor\" data-id=\"8a54944\" data-element_type=\"widget\" data-e-type=\"widget\" data-widget_type=\"text-editor.default\">\n\t\t\t\t<div class=\"elementor-widget-container\">\n\t\t\t\t\t\t\t\t\t<p><strong>Rejoindre Justice &amp; Paix, c\u2019est s\u2019ins\u00e9rer dans une \u00e9quipe dynamique et professionnelle et prendre part \u00e0 des projets solides et prenants ! En fonction des besoins et des possibilit\u00e9s de notre association, vous trouverez ci-dessous les postes \u00e0 pourvoir.<\/strong><\/p><p>Justice &amp; Paix offre la possibilit\u00e9 d\u2019effectuer des stages professionnels non r\u00e9mun\u00e9r\u00e9s. Si nous ne pouvons vous garantir une r\u00e9ponse positive, soyez s\u00fbrs que nous accorderons toute l\u2019attention que votre demande m\u00e9rite. Nous vous invitons \u00e0 nous envoyer votre CV et une lettre de motivation explicitant votre demande par courrier ou par mail \u00e0 <a class=\"spip_mail\" title=\"info[@]justicepaix.be\" href=\"https:\/\/www.justicepaix.be\/-Emplois-et-Stages-#\">info<span class=\"cryptOK\">@<\/span>justicepaix.be<\/a>. Au plaisir de vous rencontrer\u00a0!<\/p>\t\t\t\t\t\t\t\t<\/div>\n\t\t\t\t<\/div>\n\t\t\t\t<\/div>\n\t\t\t\t\t<\/div>\n\t\t\t\t<\/div>\n\t\t<div class=\"elementor-element elementor-element-af4463a e-flex e-con-boxed e-con e-parent\" data-id=\"af4463a\" data-element_type=\"container\" data-e-type=\"container\">\n\t\t\t\t\t<div class=\"e-con-inner\">\n\t\t<div class=\"elementor-element elementor-element-c5602dc e-con-full e-flex e-con e-child\" data-id=\"c5602dc\" data-element_type=\"container\" data-e-type=\"container\">\n\t\t\t\t<div data-dce-title-color=\"#025683\" class=\"elementor-element elementor-element-fe629f2 elementor-widget elementor-widget-heading\" data-id=\"fe629f2\" data-element_type=\"widget\" data-e-type=\"widget\" data-widget_type=\"heading.default\">\n\t\t\t\t<div class=\"elementor-widget-container\">\n\t\t\t\t\t<h3 class=\"elementor-heading-title elementor-size-default\">Nos offres actuelles<\/h3>\t\t\t\t<\/div>\n\t\t\t\t<\/div>\n\t\t\t\t<div class=\"elementor-element elementor-element-c03ec5f elementor-widget-divider--view-line elementor-widget elementor-widget-divider\" data-id=\"c03ec5f\" data-element_type=\"widget\" data-e-type=\"widget\" data-widget_type=\"divider.default\">\n\t\t\t\t<div class=\"elementor-widget-container\">\n\t\t\t\t\t\t\t<div class=\"elementor-divider\">\n\t\t\t<span class=\"elementor-divider-separator\">\n\t\t\t\t\t\t<\/span>\n\t\t<\/div>\n\t\t\t\t\t\t<\/div>\n\t\t\t\t<\/div>\n\t\t\t\t<div data-dce-text-color=\"#636363\" data-dce-title-color=\"#000000\" class=\"elementor-element elementor-element-4c15054 elementor-widget elementor-widget-ucaddon_post_grid\" data-id=\"4c15054\" data-element_type=\"widget\" data-e-type=\"widget\" data-widget_type=\"ucaddon_post_grid.default\">\n\t\t\t\t<div class=\"elementor-widget-container\">\n\t\t\t\t\t\n<!-- start Post Grid -->\n\t\t<link id='font-awesome-css' href='https:\/\/www.justicepaix.be\/wp-content\/plugins\/unlimited-elements-for-elementor-premium\/assets_libraries\/font-awesome6\/fontawesome-all.min.css' type='text\/css' rel='stylesheet' >\n\t\t<link id='font-awesome-4-shim-css' href='https:\/\/www.justicepaix.be\/wp-content\/plugins\/unlimited-elements-for-elementor-premium\/assets_libraries\/font-awesome6\/fontawesome-v4-shims.min.css' type='text\/css' rel='stylesheet' >\n\n<style>\/* widget: Post Grid *\/\n\n\n\n#uc_post_grid_elementor_4c15054.uc_post_grid_style_one .uc_post_grid_style_one_wrap {\n   display:grid;\n}\n\n\n#uc_post_grid_elementor_4c15054 .uc_post_grid_style_one_item\n{\n  position:relative;\n}\n\n#uc_post_grid_elementor_4c15054 .uc_post_image\n{\n  transition:0.3s;\n  position:relative;\n  overflow:hidden;\n}\n\n#uc_post_grid_elementor_4c15054 .uc_post_image img\n{\n  width:100%;\n  display:block;\n  transition:0.3s;\n}\n\n\n\t\n\n\n\n\n\n\n#uc_post_grid_elementor_4c15054 .uc_post_image_overlay\n{\n  position:absolute;\n  top:0px;\n  left:0px;\n  height:100%;\n  width:100%;\n  transition:0.3s;\n}\n\n#uc_post_grid_elementor_4c15054 .uc_more_btn-custom-field\n{\n  display:inline-block;\n  text-align:center;\n  text-decoration:none;\n  transition:0.3s;\n}\n\n#uc_post_grid_elementor_4c15054 .uc_more_btn\n{\n  display:inline-block;\n  text-align:center;\n  text-decoration:none;\n  transition:0.3s;\n}\n\n.ue-grid-item-category a\n{\n  display:inline-block;\n  font-size:10px;\n  position: relative;\n  z-index: 1;\n}\n.uc_post_title\n{\n  font-size:21px;\n}\n\n\n\n#uc_post_grid_elementor_4c15054 .ue_post_grid_item\n{\n  display:flex;\n  flex-direction:column;\n}\n\n#uc_post_grid_elementor_4c15054.uc_post_grid_style_one .uc_content{\n flex-grow:1;\n}\n\n#uc_post_grid_elementor_4c15054.uc_post_grid_style_one .uc_content > div\n{\n  height:100%;\n  display:flex;\n  flex-direction:column;\n  }\n\n  \n\n\n\n\n\n\n\n\n\n\n\n\n\n\n\n\n\n\n\n\n\n\n#uc_post_grid_elementor_4c15054 .ue-meta-data\n{\n  \n  display:flex;\n\n  flex-wrap: wrap;\n  line-height:1em;\n}\n\n#uc_post_grid_elementor_4c15054 .ue-grid-item-meta-data\n{\n      display:inline-flex;\n      align-items:center;\n}\n\n#uc_post_grid_elementor_4c15054 .ue-grid-item-meta-data a{\n  color:inherit;\n}\n\n.ue-grid-item-meta-data\n{\n  font-size:12px;\n}\n\n#uc_post_grid_elementor_4c15054 .ue-grid-item-meta-data-icon\n{\n  line-height:1em;\n}\n\n#uc_post_grid_elementor_4c15054 .ue-grid-item-meta-data-icon svg\n{\n  width:1em;\n  height:1em;\n}\n\n#uc_post_grid_elementor_4c15054 .ue-debug-meta\n{\n  padding:10px;\n  border:1px solid red;\n  position:relative;\n  line-height:1.5em;\n  font-size:11px;\n  width:100%;\n}\n\n#uc_post_grid_elementor_4c15054 .uc_btn_inner\n{\n  display:inline-flex;\n  align-items:center;\n}\n\n#uc_post_grid_elementor_4c15054 .uc_btn_inner svg\n{\n  width:1em;\n  height:1em;\n}\n\n\n\n\n\n<\/style>\n\n<div class=\"uc_post_grid_style_one uc-filterable-grid \" id=\"uc_post_grid_elementor_4c15054\"  data-ajax='true'  data-filterbehave='ajax'  querydata='{&quot;count_posts&quot;:1,&quot;total_posts&quot;:1,&quot;page&quot;:1,&quot;num_pages&quot;:1}' >\n\t\t<div class=\"uc_post_grid_style_one_wrap ue_post_grid uc-items-wrapper\">\n\t\t\t\n\n\n\n<div id=\"uc_post_grid_elementor_4c15054_item1\" class=\"uc_post_grid_style_one_item ue_post_grid_item ue-item \">\n  \n      <a class=\"uc_post_grid_style_one_image \" href='https:\/\/www.justicepaix.be\/en\/emploi-charge-recherche-animation-decolonisation-bruxelles\/' target=\"_self\">\n     <div class=\"uc_post_image\">\n       <img fetchpriority=\"high\" decoding=\"async\" src=\"https:\/\/www.justicepaix.be\/wp-content\/uploads\/2026\/03\/Job-Alert-com-visuel-web-768x768.jpg\"  src=\"https:\/\/www.justicepaix.be\/wp-content\/uploads\/2026\/03\/Job-Alert-com-visuel-web-768x768.jpg\" alt=\"Job Alert - com - visuel web\" width=\"768\" height=\"768\">\n       <div class=\"uc_post_image_overlay\"><\/div>\n     <\/div>\n    <\/a>\n   \n  <div class=\"uc_content\">\n    <div class=\"uc_content_inner\">\n      <div class=\"uc_content-info-wrapper\" >\n        \n                 \n        \t        \t\t      \t\t        \n        \t<div class=\"ue-grid-item-category\">\n                            \t              \t\t<a href=\"https:\/\/www.justicepaix.be\/en\/actualites\/\" class=\"actualites\">Actualit\u00e9s<\/a>\n              \t                            \t              \t\t<a href=\"https:\/\/www.justicepaix.be\/en\/emplois\/\" class=\"actualites\">Emplois<\/a>\n              \t                      \t<\/div>        \n      \n              \n\n            \t\t      \t\t\t<div class=\"uc_post_title\"><a class=\"\" href='https:\/\/www.justicepaix.be\/en\/emploi-charge-recherche-animation-decolonisation-bruxelles\/' target=\"_self\"><div class=\"ue_p_title\">Un\u00b7e charg\u00e9\u00b7e de recherche et d\u2019animation D\u00e9colonisation et enjeux m\u00e9moriels (CDI - ACS - \u00bd temps)<\/div><\/a><\/div>\n      \t\t      \t\n                      \n       \n        <div class=\"ue-meta-data\">\n            \n            \n                \n        \n\t\n                \n                \n                \n                \n    \t\t\t\n      \n            \n  <\/div>\t\n      \t<div class=\"uc_post_text\">Description de l\u2019association\n\n\nJustice &amp; Paix est une ONG et une organisation d\u2019Education permanente...<\/div>\n     \n                 \n                            \n                                  \n     <\/div>                      \n                           \n \t<\/div>  <\/div>      \n        \n<\/div>\n\n\t\t<\/div>\n\t<\/div>\n\n\n\n  <div id=\"uc_post_grid_elementor_4c15054_empty_message\" class=\"ue-no-posts-found\"  style=\"display:none\" >No posts found<\/div>\n\n\n<!-- end Post Grid -->\t\t\t\t<\/div>\n\t\t\t\t<\/div>\n\t\t\t\t<\/div>\n\t\t\t\t\t<\/div>\n\t\t\t\t<\/div>\n\t\t\t\t<\/div>\n\t\t","protected":false},"excerpt":{"rendered":"<p>Rejoindre Justice &amp; Paix, c\u2019est s\u2019ins\u00e9rer dans une \u00e9quipe dynamique et professionnelle et prendre part \u00e0 des projets solides et prenants ! En fonction des besoins et des possibilit\u00e9s de notre association, vous trouverez ci-dessous les postes \u00e0 pourvoir. Justice &amp; Paix offre la possibilit\u00e9 d\u2019effectuer des stages professionnels non r\u00e9mun\u00e9r\u00e9s. Si nous ne pouvons [&hellip;]<\/p>\n","protected":false},"author":1,"featured_media":29728,"parent":0,"menu_order":39,"comment_status":"closed","ping_status":"closed","template":"elementor_header_footer","meta":{"_acf_changed":false,"_seopress_robots_primary_cat":"","_seopress_titles_title":"","_seopress_titles_desc":"","_seopress_robots_index":"","footnotes":""},"class_list":["post-17674","page","type-page","status-publish","has-post-thumbnail","hentry"],"acf":[],"_links":{"self":[{"href":"https:\/\/www.justicepaix.be\/en\/wp-json\/wp\/v2\/pages\/17674","targetHints":{"allow":["GET"]}}],"collection":[{"href":"https:\/\/www.justicepaix.be\/en\/wp-json\/wp\/v2\/pages"}],"about":[{"href":"https:\/\/www.justicepaix.be\/en\/wp-json\/wp\/v2\/types\/page"}],"author":[{"embeddable":true,"href":"https:\/\/www.justicepaix.be\/en\/wp-json\/wp\/v2\/users\/1"}],"replies":[{"embeddable":true,"href":"https:\/\/www.justicepaix.be\/en\/wp-json\/wp\/v2\/comments?post=17674"}],"version-history":[{"count":5,"href":"https:\/\/www.justicepaix.be\/en\/wp-json\/wp\/v2\/pages\/17674\/revisions"}],"predecessor-version":[{"id":30407,"href":"https:\/\/www.justicepaix.be\/en\/wp-json\/wp\/v2\/pages\/17674\/revisions\/30407"}],"wp:featuredmedia":[{"embeddable":true,"href":"https:\/\/www.justicepaix.be\/en\/wp-json\/wp\/v2\/media\/29728"}],"wp:attachment":[{"href":"https:\/\/www.justicepaix.be\/en\/wp-json\/wp\/v2\/media?parent=17674"}],"curies":[{"name":"wp","href":"https:\/\/api.w.org\/{rel}","templated":true}]}}